{"id":3152,"date":"2022-04-17T15:20:15","date_gmt":"2022-04-17T13:20:15","guid":{"rendered":"https:\/\/ondacalabra.be\/?page_id=3152"},"modified":"2026-04-03T16:22:21","modified_gmt":"2026-04-03T14:22:21","slug":"la-carte-menu","status":"publish","type":"page","link":"https:\/\/www.brasseriedumoulin.be\/?page_id=3152","title":{"rendered":"Menu bistronomique"},"content":{"rendered":"\t\t<div data-elementor-type=\"wp-post\" data-elementor-id=\"3152\" class=\"elementor elementor-3152\" data-elementor-post-type=\"page\">\n\t\t\t\t\t\t<section class=\"elementor-section elementor-top-section elementor-element elementor-element-400e2c07 elementor-section-content-middle elementor-section-boxed elementor-section-height-default elementor-section-height-default\" data-id=\"400e2c07\" data-element_type=\"section\" data-e-type=\"section\">\n\t\t\t\t\t\t<div class=\"elementor-container elementor-column-gap-default\">\n\t\t\t\t\t<div class=\"elementor-column elementor-col-100 elementor-top-column elementor-element elementor-element-411194f5\" data-id=\"411194f5\" data-element_type=\"column\" data-e-type=\"column\">\n\t\t\t<div class=\"elementor-widget-wrap elementor-element-populated\">\n\t\t\t\t\t\t<div class=\"elementor-element elementor-element-3e285c8f elementor-widget elementor-widget-menu-anchor\" data-id=\"3e285c8f\" data-element_type=\"widget\" data-e-type=\"widget\" data-widget_type=\"menu-anchor.default\">\n\t\t\t\t<div class=\"elementor-widget-container\">\n\t\t\t\t\t\t\t<div class=\"elementor-menu-anchor\" id=\"menubistro\"><\/div>\n\t\t\t\t\t\t<\/div>\n\t\t\t\t<\/div>\n\t\t\t\t<div class=\"elementor-element elementor-element-5725f902 elementor-widget elementor-widget-text-editor\" data-id=\"5725f902\" data-element_type=\"widget\" data-e-type=\"widget\" data-widget_type=\"text-editor.default\">\n\t\t\t\t<div class=\"elementor-widget-container\">\n\t\t\t\t\t\t\t\t\t<div class=\"smalltitle\">Brasserie du moulin<\/div>\t\t\t\t\t\t\t\t<\/div>\n\t\t\t\t<\/div>\n\t\t\t\t<div class=\"elementor-element elementor-element-7d773aa0 elementor-widget elementor-widget-heading\" data-id=\"7d773aa0\" data-element_type=\"widget\" data-e-type=\"widget\" data-widget_type=\"heading.default\">\n\t\t\t\t<div class=\"elementor-widget-container\">\n\t\t\t\t\t<h2 class=\"elementor-heading-title elementor-size-default\">Notre menu bistronomique<\/h2>\t\t\t\t<\/div>\n\t\t\t\t<\/div>\n\t\t\t\t<div class=\"elementor-element elementor-element-272701bd elementor-widget elementor-widget-heading\" data-id=\"272701bd\" data-element_type=\"widget\" data-e-type=\"widget\" data-widget_type=\"heading.default\">\n\t\t\t\t<div class=\"elementor-widget-container\">\n\t\t\t\t\t<p class=\"elementor-heading-title elementor-size-default\">Menu 3 services servi par table enti\u00e8re<\/p>\t\t\t\t<\/div>\n\t\t\t\t<\/div>\n\t\t\t\t<div class=\"elementor-element elementor-element-50fd771 elementor-widget elementor-widget-heading\" data-id=\"50fd771\" data-element_type=\"widget\" data-e-type=\"widget\" data-widget_type=\"heading.default\">\n\t\t\t\t<div class=\"elementor-widget-container\">\n\t\t\t\t\t<p class=\"elementor-heading-title elementor-size-default\"> 3 services : 50 \u20ac<\/p>\t\t\t\t<\/div>\n\t\t\t\t<\/div>\n\t\t\t\t\t<\/div>\n\t\t<\/div>\n\t\t\t\t\t<\/div>\n\t\t<\/section>\n\t\t\t\t<section class=\"elementor-section elementor-top-section elementor-element elementor-element-f5213a2 elementor-section-boxed elementor-section-height-default elementor-section-height-default\" data-id=\"f5213a2\" data-element_type=\"section\" data-e-type=\"section\">\n\t\t\t\t\t\t<div class=\"elementor-container elementor-column-gap-narrow\">\n\t\t\t\t\t<div class=\"elementor-column elementor-col-100 elementor-top-column elementor-element elementor-element-c4e9dfa\" data-id=\"c4e9dfa\" data-element_type=\"column\" data-e-type=\"column\">\n\t\t\t<div class=\"elementor-widget-wrap elementor-element-populated\">\n\t\t\t\t\t\t<div class=\"elementor-element elementor-element-5f029ed elementor-widget elementor-widget-heading\" data-id=\"5f029ed\" data-element_type=\"widget\" data-e-type=\"widget\" data-widget_type=\"heading.default\">\n\t\t\t\t<div class=\"elementor-widget-container\">\n\t\t\t\t\t<h2 class=\"elementor-heading-title elementor-size-default\">Entr\u00e9es<\/h2>\t\t\t\t<\/div>\n\t\t\t\t<\/div>\n\t\t\t\t<div class=\"elementor-element elementor-element-bdba3b4 elementor-widget elementor-widget-text-editor\" data-id=\"bdba3b4\" data-element_type=\"widget\" data-e-type=\"widget\" data-widget_type=\"text-editor.default\">\n\t\t\t\t<div class=\"elementor-widget-container\">\n\t\t\t\t\t\t\t\t\t<h5 class=\"p1\" style=\"text-align: center;\">Salade d\u2019asperges et gravlax de truite, vinaigrette au pamplemousse<\/h5><p class=\"p1\" style=\"text-align: center;\"><em>\u00a0<\/em><\/p><p class=\"p1\" style=\"text-align: center;\"><em>ou<\/em><\/p><h5 class=\"p1\" style=\"text-align: center;\">Tartare de truite saumon\u00e9e fa\u00e7on asiatique, kiwi, s\u00e9same, chips de riz<\/h5><p class=\"p1\" style=\"text-align: center;\"><em>\u00a0<\/em><\/p><p class=\"p1\" style=\"text-align: center;\"><em>ou<\/em><\/p><p class=\"p1\" style=\"text-align: center;\">\u00a0<span style=\"color: #2e333e; font-family: Barlow, sans-serif; font-size: 24px;\">Carpaccio de boeuf fum\u00e9, salade de bl\u00e9, huile au thym<\/span><\/p><div>\u00a0<\/div><div>\u00a0<\/div>\t\t\t\t\t\t\t\t<\/div>\n\t\t\t\t<\/div>\n\t\t\t\t\t<\/div>\n\t\t<\/div>\n\t\t\t\t\t<\/div>\n\t\t<\/section>\n\t\t\t\t<section class=\"elementor-section elementor-top-section elementor-element elementor-element-122a55c9 elementor-section-boxed elementor-section-height-default elementor-section-height-default\" data-id=\"122a55c9\" data-element_type=\"section\" data-e-type=\"section\">\n\t\t\t\t\t\t<div class=\"elementor-container elementor-column-gap-narrow\">\n\t\t\t\t\t<div class=\"elementor-column elementor-col-100 elementor-top-column elementor-element elementor-element-360d0b25\" data-id=\"360d0b25\" data-element_type=\"column\" data-e-type=\"column\">\n\t\t\t<div class=\"elementor-widget-wrap elementor-element-populated\">\n\t\t\t\t\t\t<div class=\"elementor-element elementor-element-4e56ad51 elementor-widget elementor-widget-heading\" data-id=\"4e56ad51\" data-element_type=\"widget\" data-e-type=\"widget\" data-widget_type=\"heading.default\">\n\t\t\t\t<div class=\"elementor-widget-container\">\n\t\t\t\t\t<h2 class=\"elementor-heading-title elementor-size-default\">Plats<\/h2>\t\t\t\t<\/div>\n\t\t\t\t<\/div>\n\t\t\t\t<div class=\"elementor-element elementor-element-dc9478c elementor-widget elementor-widget-text-editor\" data-id=\"dc9478c\" data-element_type=\"widget\" data-e-type=\"widget\" data-widget_type=\"text-editor.default\">\n\t\t\t\t<div class=\"elementor-widget-container\">\n\t\t\t\t\t\t\t\t\t<div style=\"text-align: center;\"><h5>Souris d\u2019agneau au Porto et thym frais, l\u00e9gumes de saison, pommes grenaille<\/h5><p>\u00a0<\/p><p><em>ou<\/em><span style=\"color: #2e333e; font-family: Barlow, sans-serif; font-size: 24px;\">\u00a0<\/span><\/p><h5>Thon mi-cuit, cr\u00e8me de chorizo, l\u00e9gumes de saison et pomme dauphine<\/h5><p><em>\u00a0<\/em><\/p><p><em>ou<\/em><\/p><h5>Poel\u00e9e d\u2019asperges et carottes, pur\u00e9e \u00e0 l\u2019huile d\u2019olive, beurre aux p\u00eaches de vigne<\/h5><div>\u00a0<\/div><p><em>\u00a0<\/em><\/p><div>\u00a0<\/div><\/div>\t\t\t\t\t\t\t\t<\/div>\n\t\t\t\t<\/div>\n\t\t\t\t\t<\/div>\n\t\t<\/div>\n\t\t\t\t\t<\/div>\n\t\t<\/section>\n\t\t\t\t<section class=\"elementor-section elementor-top-section elementor-element elementor-element-b80c395 elementor-section-boxed elementor-section-height-default elementor-section-height-default\" data-id=\"b80c395\" data-element_type=\"section\" data-e-type=\"section\">\n\t\t\t\t\t\t<div class=\"elementor-container elementor-column-gap-narrow\">\n\t\t\t\t\t<div class=\"elementor-column elementor-col-100 elementor-top-column elementor-element elementor-element-f5448ea\" data-id=\"f5448ea\" data-element_type=\"column\" data-e-type=\"column\">\n\t\t\t<div class=\"elementor-widget-wrap elementor-element-populated\">\n\t\t\t\t\t\t<div class=\"elementor-element elementor-element-6cd5c64 elementor-widget elementor-widget-heading\" data-id=\"6cd5c64\" data-element_type=\"widget\" data-e-type=\"widget\" data-widget_type=\"heading.default\">\n\t\t\t\t<div class=\"elementor-widget-container\">\n\t\t\t\t\t<h2 class=\"elementor-heading-title elementor-size-default\">Desserts<\/h2>\t\t\t\t<\/div>\n\t\t\t\t<\/div>\n\t\t\t\t<div class=\"elementor-element elementor-element-ce7a02a elementor-widget elementor-widget-text-editor\" data-id=\"ce7a02a\" data-element_type=\"widget\" data-e-type=\"widget\" data-widget_type=\"text-editor.default\">\n\t\t\t\t<div class=\"elementor-widget-container\">\n\t\t\t\t\t\t\t\t\t<h5 class=\"p1\" style=\"text-align: center;\">Rock\u2019N Choc et sa boule de sorbet framboise hibiscus<\/h5><p class=\"p2\" style=\"text-align: center;\"><em>\u00a0<\/em><\/p><p class=\"p2\" style=\"text-align: center;\"><em>ou<\/em><\/p><h5 class=\"p1\" style=\"text-align: center;\">Sabl\u00e9 breton, cr\u00e8me au citron, fraise<\/h5><p>\u00a0<\/p><p class=\"p2\" style=\"text-align: center;\"><em>ou<\/em><\/p><h5 class=\"p1\" style=\"text-align: center;\">Caf\u00e9 ou th\u00e9 gourmand<\/h5><h5 class=\"p1\" style=\"text-align: center;\">\u00a0<\/h5><p class=\"p2\" style=\"text-align: center;\"><em>ou<\/em><\/p><p class=\"p2\" style=\"text-align: center;\"><em>\u00a0<\/em><\/p><h5 class=\"p1\" style=\"text-align: center;\">Assiette de fromages de nos artisans<\/h5><h5 class=\"p1\" style=\"text-align: center;\">(Suppl\u00e9ment 5\u20ac)<\/h5>\t\t\t\t\t\t\t\t<\/div>\n\t\t\t\t<\/div>\n\t\t\t\t\t<\/div>\n\t\t<\/div>\n\t\t\t\t\t<\/div>\n\t\t<\/section>\n\t\t\t\t<\/div>\n\t\t","protected":false},"excerpt":{"rendered":"<p>Brasserie du moulin Notre menu bistronomique Menu 3 services servi par table enti\u00e8re 3 services : 50 \u20ac Entr\u00e9es Salade d\u2019asperges et gravlax de truite, vinaigrette au pamplemousse \u00a0 ou Tartare de truite saumon\u00e9e fa\u00e7on asiatique, kiwi, s\u00e9same, chips de riz \u00a0 ou \u00a0Carpaccio de boeuf fum\u00e9, salade de bl\u00e9, huile au thym \u00a0\u00a0 Plats Souris d\u2019agneau au Porto et&#8230;<\/p>\n","protected":false},"author":1,"featured_media":32220,"parent":0,"menu_order":0,"comment_status":"closed","ping_status":"closed","template":"","meta":{"footnotes":""},"class_list":["post-3152","page","type-page","status-publish","has-post-thumbnail","hentry"],"acf":[],"_links":{"self":[{"href":"https:\/\/www.brasseriedumoulin.be\/index.php?rest_route=\/wp\/v2\/pages\/3152","targetHints":{"allow":["GET"]}}],"collection":[{"href":"https:\/\/www.brasseriedumoulin.be\/index.php?rest_route=\/wp\/v2\/pages"}],"about":[{"href":"https:\/\/www.brasseriedumoulin.be\/index.php?rest_route=\/wp\/v2\/types\/page"}],"author":[{"embeddable":true,"href":"https:\/\/www.brasseriedumoulin.be\/index.php?rest_route=\/wp\/v2\/users\/1"}],"replies":[{"embeddable":true,"href":"https:\/\/www.brasseriedumoulin.be\/index.php?rest_route=%2Fwp%2Fv2%2Fcomments&post=3152"}],"version-history":[{"count":100,"href":"https:\/\/www.brasseriedumoulin.be\/index.php?rest_route=\/wp\/v2\/pages\/3152\/revisions"}],"predecessor-version":[{"id":33100,"href":"https:\/\/www.brasseriedumoulin.be\/index.php?rest_route=\/wp\/v2\/pages\/3152\/revisions\/33100"}],"wp:featuredmedia":[{"embeddable":true,"href":"https:\/\/www.brasseriedumoulin.be\/index.php?rest_route=\/wp\/v2\/media\/32220"}],"wp:attachment":[{"href":"https:\/\/www.brasseriedumoulin.be\/index.php?rest_route=%2Fwp%2Fv2%2Fmedia&parent=3152"}],"curies":[{"name":"wp","href":"https:\/\/api.w.org\/{rel}","templated":true}]}}