{"id":31236,"date":"2018-05-16T13:04:01","date_gmt":"2018-05-16T11:04:01","guid":{"rendered":"https:\/\/www.brasseriedumoulin.be\/?page_id=31236"},"modified":"2026-04-10T16:30:05","modified_gmt":"2026-04-10T14:30:05","slug":"home-pizza-onda-calabra","status":"publish","type":"page","link":"https:\/\/www.brasseriedumoulin.be\/?page_id=31236&lang=en","title":{"rendered":"La brasserie du Moulin"},"content":{"rendered":"\t\t<div data-elementor-type=\"wp-post\" data-elementor-id=\"31236\" class=\"elementor elementor-31236 elementor-588\" data-elementor-post-type=\"page\">\n\t\t\t\t\t\t<section class=\"elementor-section elementor-top-section elementor-element elementor-element-2e19810 elementor-section-content-middle elementor-section-stretched elementor-section-boxed elementor-section-height-default elementor-section-height-default\" data-id=\"2e19810\" data-element_type=\"section\" data-e-type=\"section\" data-settings=\"{&quot;background_background&quot;:&quot;classic&quot;,&quot;stretch_section&quot;:&quot;section-stretched&quot;}\">\n\t\t\t\t\t\t<div class=\"elementor-container elementor-column-gap-default\">\n\t\t\t\t\t<div class=\"elementor-column elementor-col-50 elementor-top-column elementor-element elementor-element-5fbb24d\" data-id=\"5fbb24d\" data-element_type=\"column\" data-e-type=\"column\">\n\t\t\t<div class=\"elementor-widget-wrap elementor-element-populated\">\n\t\t\t\t\t\t<div class=\"elementor-element elementor-element-4c52714 elementor-invisible elementor-widget elementor-widget-image\" data-id=\"4c52714\" data-element_type=\"widget\" data-e-type=\"widget\" data-settings=\"{&quot;_animation&quot;:&quot;fadeInLeft&quot;}\" data-widget_type=\"image.default\">\n\t\t\t\t<div class=\"elementor-widget-container\">\n\t\t\t\t\t\t\t\t\t\t\t\t\t\t\t<img fetchpriority=\"high\" decoding=\"async\" width=\"1000\" height=\"700\" src=\"https:\/\/www.brasseriedumoulin.be\/wp-content\/uploads\/2024\/05\/Brasserie-du-Moulin-ambiance1.jpg\" class=\"attachment-large size-large wp-image-31722\" alt=\"\" srcset=\"https:\/\/www.brasseriedumoulin.be\/wp-content\/uploads\/2024\/05\/Brasserie-du-Moulin-ambiance1.jpg 1000w, https:\/\/www.brasseriedumoulin.be\/wp-content\/uploads\/2024\/05\/Brasserie-du-Moulin-ambiance1-300x210.jpg 300w, https:\/\/www.brasseriedumoulin.be\/wp-content\/uploads\/2024\/05\/Brasserie-du-Moulin-ambiance1-768x538.jpg 768w, https:\/\/www.brasseriedumoulin.be\/wp-content\/uploads\/2024\/05\/Brasserie-du-Moulin-ambiance1-800x560.jpg 800w\" sizes=\"(max-width: 1000px) 100vw, 1000px\" \/>\t\t\t\t\t\t\t\t\t\t\t\t\t\t\t<\/div>\n\t\t\t\t<\/div>\n\t\t\t\t\t<\/div>\n\t\t<\/div>\n\t\t\t\t<div class=\"elementor-column elementor-col-50 elementor-top-column elementor-element elementor-element-f1b7adb\" data-id=\"f1b7adb\" data-element_type=\"column\" data-e-type=\"column\">\n\t\t\t<div class=\"elementor-widget-wrap elementor-element-populated\">\n\t\t\t\t\t\t<div class=\"elementor-element elementor-element-0068361 elementor-widget elementor-widget-heading\" data-id=\"0068361\" data-element_type=\"widget\" data-e-type=\"widget\" data-widget_type=\"heading.default\">\n\t\t\t\t<div class=\"elementor-widget-container\">\n\t\t\t\t\t<h2 class=\"elementor-heading-title elementor-size-default\">WELCOME<\/h2>\t\t\t\t<\/div>\n\t\t\t\t<\/div>\n\t\t\t\t<div class=\"elementor-element elementor-element-87aa8d3 elementor-invisible elementor-widget elementor-widget-text-editor\" data-id=\"87aa8d3\" data-element_type=\"widget\" data-e-type=\"widget\" data-settings=\"{&quot;_animation&quot;:&quot;fadeInUp&quot;}\" data-widget_type=\"text-editor.default\">\n\t\t\t\t<div class=\"elementor-widget-container\">\n\t\t\t\t\t\t\t\t\t<div class=\"xdj266r x11i5rnm xat24cr x1mh8g0r x1vvkbs x126k92a\"><h6>An iconic brasserie in the Molign\u00e9e Valley for over 20 years, the Brasserie du Moulin has been completely renovated and is now part of the \u201d <a href=\"https:\/\/jardins.molignee.com\/\" target=\"_blank\" rel=\"noopener\"><span style=\"text-decoration: underline;\">Les Jardins de la Molign\u00e9e<\/span><\/a> \u201d hotel complex.<\/h6><\/div><h6> <\/h6><h6 class=\"xdj266r x11i5rnm xat24cr x1mh8g0r x1vvkbs x126k92a\">The Brasserie\u2019s \u00e0 la carte and bistronomic menu focuses on local produce and producers, as well as more surprising suggestions to offer you a delicious moment of relaxation and gastronomy.<br><\/h6><h6> <\/h6><h6 class=\"xdj266r x11i5rnm xat24cr x1mh8g0r x1vvkbs x126k92a\">The Brasserie du Moulin can seat up to 88 people indoors and 120 outdoors on its superb terrace.<\/h6>\t\t\t\t\t\t\t\t<\/div>\n\t\t\t\t<\/div>\n\t\t\t\t<div class=\"elementor-element elementor-element-f06a87e elementor-widget__width-inherit elementor-invisible elementor-widget elementor-widget-text-editor\" data-id=\"f06a87e\" data-element_type=\"widget\" data-e-type=\"widget\" data-settings=\"{&quot;_animation&quot;:&quot;fadeInUp&quot;}\" data-widget_type=\"text-editor.default\">\n\t\t\t\t<div class=\"elementor-widget-container\">\n\t\t\t\t\t\t\t\t\t<p style=\"text-align: center;\"><a class=\"view-more margin-t24\" href=\"https:\/\/www.brasseriedumoulin.be\/?page_id=31631&#038;lang=en\">Discover our restaurant in photos<\/a><\/p>\t\t\t\t\t\t\t\t<\/div>\n\t\t\t\t<\/div>\n\t\t\t\t\t<\/div>\n\t\t<\/div>\n\t\t\t\t\t<\/div>\n\t\t<\/section>\n\t\t\t\t<section class=\"elementor-section elementor-top-section elementor-element elementor-element-7c90cc42 elementor-section-boxed elementor-section-height-default elementor-section-height-default\" data-id=\"7c90cc42\" data-element_type=\"section\" data-e-type=\"section\">\n\t\t\t\t\t\t<div class=\"elementor-container elementor-column-gap-default\">\n\t\t\t\t\t<div class=\"elementor-column elementor-col-33 elementor-top-column elementor-element elementor-element-2cbead1\" data-id=\"2cbead1\" data-element_type=\"column\" data-e-type=\"column\" data-settings=\"{&quot;background_background&quot;:&quot;classic&quot;}\">\n\t\t\t<div class=\"elementor-widget-wrap elementor-element-populated\">\n\t\t\t\t\t\t<div class=\"elementor-element elementor-element-1ba830bc bkg-overlay elementor-widget elementor-widget-heading\" data-id=\"1ba830bc\" data-element_type=\"widget\" data-e-type=\"widget\" data-widget_type=\"heading.default\">\n\t\t\t\t<div class=\"elementor-widget-container\">\n\t\t\t\t\t<div class=\"elementor-heading-title elementor-size-default\"><a href=\"https:\/\/www.brasseriedumoulin.be\/wp-content\/uploads\/2026\/04\/Brasserie-du-Moulin-A-la-carte-Avril-2026.pdf\"><h4 class=\"white\">OUR BOARDS<\/h4>\n<h6 class=\"white\">SERVED NON-STOP ALL DAY LONG<\/h6>\n\n<a href=\"https:\/\/www.brasseriedumoulin.be\/?page_id=31234&amp;lang=en\" class=\"view-more white-btn2 margin-t24\">Browse the menu<\/a><\/a><\/div>\t\t\t\t<\/div>\n\t\t\t\t<\/div>\n\t\t\t\t\t<\/div>\n\t\t<\/div>\n\t\t\t\t<div class=\"elementor-column elementor-col-33 elementor-top-column elementor-element elementor-element-2889db70\" data-id=\"2889db70\" data-element_type=\"column\" data-e-type=\"column\" data-settings=\"{&quot;background_background&quot;:&quot;classic&quot;}\">\n\t\t\t<div class=\"elementor-widget-wrap elementor-element-populated\">\n\t\t\t\t\t\t<div class=\"elementor-element elementor-element-2bf8027e bkg-overlay elementor-widget elementor-widget-heading\" data-id=\"2bf8027e\" data-element_type=\"widget\" data-e-type=\"widget\" data-widget_type=\"heading.default\">\n\t\t\t\t<div class=\"elementor-widget-container\">\n\t\t\t\t\t<div class=\"elementor-heading-title elementor-size-default\"><a href=\"https:\/\/www.brasseriedumoulin.be\/wp-content\/uploads\/2026\/04\/Brasserie-du-Moulin-A-la-carte-Avril-2026.pdf\"><h4 class=\"white\">OUR SWEETS<\/h4>\n<h6 class=\"white\">SERVED NON-STOP ALL DAY LONG<\/h6>\n<a href=\"https:\/\/www.brasseriedumoulin.be\/?page_id=31234&amp;lang=en\" class=\"view-more white-btn2 margin-t24\">Browse the menu<\/a><\/a><\/div>\t\t\t\t<\/div>\n\t\t\t\t<\/div>\n\t\t\t\t\t<\/div>\n\t\t<\/div>\n\t\t\t\t<div class=\"elementor-column elementor-col-33 elementor-top-column elementor-element elementor-element-3074e9ab\" data-id=\"3074e9ab\" data-element_type=\"column\" data-e-type=\"column\" data-settings=\"{&quot;background_background&quot;:&quot;classic&quot;}\">\n\t\t\t<div class=\"elementor-widget-wrap elementor-element-populated\">\n\t\t\t\t\t\t<div class=\"elementor-element elementor-element-b63c99a bkg-overlay elementor-widget elementor-widget-heading\" data-id=\"b63c99a\" data-element_type=\"widget\" data-e-type=\"widget\" data-widget_type=\"heading.default\">\n\t\t\t\t<div class=\"elementor-widget-container\">\n\t\t\t\t\t<div class=\"elementor-heading-title elementor-size-default\"><a href=\"https:\/\/www.brasseriedumoulin.be\/?page_id=31232&#038;lang=en\"><h4 class=\"white\">OUR DRINKS<\/h4>\n<h6 class=\"white\">SERVED NON-STOP ALL DAY LONG<\/h6><a href=\"https:\/\/www.brasseriedumoulin.be\/?page_id=31234&amp;lang=en\" class=\"view-more white-btn2 margin-t24\">Browse the menu<\/a><\/a><\/div>\t\t\t\t<\/div>\n\t\t\t\t<\/div>\n\t\t\t\t\t<\/div>\n\t\t<\/div>\n\t\t\t\t\t<\/div>\n\t\t<\/section>\n\t\t\t\t<section class=\"elementor-section elementor-top-section elementor-element elementor-element-2fb5edbb elementor-section-full_width elementor-section-content-middle elementor-section-stretched elementor-section-height-default elementor-section-height-default\" data-id=\"2fb5edbb\" data-element_type=\"section\" data-e-type=\"section\" data-settings=\"{&quot;stretch_section&quot;:&quot;section-stretched&quot;,&quot;background_background&quot;:&quot;classic&quot;}\">\n\t\t\t\t\t\t<div class=\"elementor-container elementor-column-gap-default\">\n\t\t\t\t\t<div class=\"elementor-column elementor-col-50 elementor-top-column elementor-element elementor-element-6f9c3103 order2\" data-id=\"6f9c3103\" data-element_type=\"column\" data-e-type=\"column\" data-settings=\"{&quot;background_background&quot;:&quot;classic&quot;}\">\n\t\t\t<div class=\"elementor-widget-wrap elementor-element-populated\">\n\t\t\t\t\t\t<section class=\"elementor-section elementor-inner-section elementor-element elementor-element-5a92e77f elementor-section-boxed elementor-section-height-default elementor-section-height-default\" data-id=\"5a92e77f\" data-element_type=\"section\" data-e-type=\"section\">\n\t\t\t\t\t\t<div class=\"elementor-container elementor-column-gap-default\">\n\t\t\t\t\t<div class=\"elementor-column elementor-col-100 elementor-inner-column elementor-element elementor-element-3e884ae5\" data-id=\"3e884ae5\" data-element_type=\"column\" data-e-type=\"column\">\n\t\t\t<div class=\"elementor-widget-wrap elementor-element-populated\">\n\t\t\t\t\t\t<div class=\"elementor-element elementor-element-46f4e6b9 elementor-widget elementor-widget-heading\" data-id=\"46f4e6b9\" data-element_type=\"widget\" data-e-type=\"widget\" data-widget_type=\"heading.default\">\n\t\t\t\t<div class=\"elementor-widget-container\">\n\t\t\t\t\t<h2 class=\"elementor-heading-title elementor-size-default\">IN THE HEART OF MOLIGN\u00c9E<\/h2>\t\t\t\t<\/div>\n\t\t\t\t<\/div>\n\t\t\t\t<div class=\"elementor-element elementor-element-5506e78 elementor-invisible elementor-widget elementor-widget-text-editor\" data-id=\"5506e78\" data-element_type=\"widget\" data-e-type=\"widget\" data-settings=\"{&quot;_animation&quot;:&quot;fadeInUp&quot;}\" data-widget_type=\"text-editor.default\">\n\t\t\t\t<div class=\"elementor-widget-container\">\n\t\t\t\t\t\t\t\t\t<div><h6>Our brasserie is located in Anh\u00e9e, between Namur and Dinant, at the confluence of the Meuse and Molign\u00e9e rivers.<br><br><\/h6><h6> <\/h6><h6> It\u2019s the ideal place for a gastronomic or thirst-quenching stopover during a day spent in the region of the famous Molign\u00e9e Valley, the unmissable Maredsous Abbey or the splendid Annevoie Gardens.<\/h6><\/div>\t\t\t\t\t\t\t\t<\/div>\n\t\t\t\t<\/div>\n\t\t\t\t\t<\/div>\n\t\t<\/div>\n\t\t\t\t\t<\/div>\n\t\t<\/section>\n\t\t\t\t\t<\/div>\n\t\t<\/div>\n\t\t\t\t<div class=\"elementor-column elementor-col-50 elementor-top-column elementor-element elementor-element-60d55122 order1 elementor-invisible\" data-id=\"60d55122\" data-element_type=\"column\" data-e-type=\"column\" data-settings=\"{&quot;background_background&quot;:&quot;classic&quot;,&quot;animation&quot;:&quot;slideInUp&quot;}\">\n\t\t\t<div class=\"elementor-widget-wrap elementor-element-populated\">\n\t\t\t\t\t\t\t<\/div>\n\t\t<\/div>\n\t\t\t\t\t<\/div>\n\t\t<\/section>\n\t\t\t\t<section class=\"elementor-section elementor-top-section elementor-element elementor-element-64dda11 elementor-section-content-middle elementor-section-stretched elementor-section-boxed elementor-section-height-default elementor-section-height-default\" data-id=\"64dda11\" data-element_type=\"section\" data-e-type=\"section\" data-settings=\"{&quot;background_background&quot;:&quot;classic&quot;,&quot;stretch_section&quot;:&quot;section-stretched&quot;}\">\n\t\t\t\t\t\t<div class=\"elementor-container elementor-column-gap-default\">\n\t\t\t\t\t<div class=\"elementor-column elementor-col-50 elementor-top-column elementor-element elementor-element-0709bd9\" data-id=\"0709bd9\" data-element_type=\"column\" data-e-type=\"column\" data-settings=\"{&quot;background_background&quot;:&quot;classic&quot;}\">\n\t\t\t<div class=\"elementor-widget-wrap elementor-element-populated\">\n\t\t\t\t\t\t<div class=\"elementor-element elementor-element-929a54b elementor-invisible elementor-widget elementor-widget-heading\" data-id=\"929a54b\" data-element_type=\"widget\" data-e-type=\"widget\" data-settings=\"{&quot;_animation&quot;:&quot;fadeInUp&quot;}\" data-widget_type=\"heading.default\">\n\t\t\t\t<div class=\"elementor-widget-container\">\n\t\t\t\t\t<h2 class=\"elementor-heading-title elementor-size-default\">OUR FORMULAS<\/h2>\t\t\t\t<\/div>\n\t\t\t\t<\/div>\n\t\t\t\t<div class=\"elementor-element elementor-element-9e14bb0 elementor-invisible elementor-widget elementor-widget-text-editor\" data-id=\"9e14bb0\" data-element_type=\"widget\" data-e-type=\"widget\" data-settings=\"{&quot;_animation&quot;:&quot;fadeInUp&quot;}\" data-widget_type=\"text-editor.default\">\n\t\t\t\t<div class=\"elementor-widget-container\">\n\t\t\t\t\t\t\t\t\t<h6 style=\"text-align: left;\">Nous vous proposons une carte classique articul\u00e9e entre produits locaux et compositions plus surprenantes ainsi que des plats v\u00e9g\u00e9tariens.&nbsp;<\/h6>\n<h6 style=\"text-align: left;\">&nbsp;<\/h6>\n<h6 style=\"text-align: left;\">We offer a classic menu combining local produce and more surprising compositions, as well as vegetarian dishes.<br>2 or 3-course bistro menu is also available.<br><br><\/h6>\n<h6 style=\"text-align: left;\">&nbsp;<\/h6>\n<h6 style=\"text-align: left;\">Throughout the day, you can also choose from a range of platters to share.<\/h6>\t\t\t\t\t\t\t\t<\/div>\n\t\t\t\t<\/div>\n\t\t\t\t<div class=\"elementor-element elementor-element-1bc51b3 elementor-widget__width-inherit elementor-invisible elementor-widget elementor-widget-text-editor\" data-id=\"1bc51b3\" data-element_type=\"widget\" data-e-type=\"widget\" data-settings=\"{&quot;_animation&quot;:&quot;fadeInUp&quot;}\" data-widget_type=\"text-editor.default\">\n\t\t\t\t<div class=\"elementor-widget-container\">\n\t\t\t\t\t\t\t\t\t<p style=\"text-align: center;\"><a class=\"view-more margin-t24\" href=\"https:\/\/www.brasseriedumoulin.be\/?page_id=31229&#038;lang=en\">The bistronomic<\/a> <a class=\"view-more margin-t24\" href=\"https:\/\/www.brasseriedumoulin.be\/wp-content\/uploads\/2026\/04\/Brasserie-du-Moulin-A-la-carte-Avril-2026.pdf\">\u00e0 la carte menu<\/a><\/p>\t\t\t\t\t\t\t\t<\/div>\n\t\t\t\t<\/div>\n\t\t\t\t\t<\/div>\n\t\t<\/div>\n\t\t\t\t<div class=\"elementor-column elementor-col-50 elementor-top-column elementor-element elementor-element-adc31e5 elementor-invisible\" data-id=\"adc31e5\" data-element_type=\"column\" data-e-type=\"column\" data-settings=\"{&quot;animation&quot;:&quot;fadeIn&quot;}\">\n\t\t\t<div class=\"elementor-widget-wrap elementor-element-populated\">\n\t\t\t\t\t\t<div class=\"elementor-element elementor-element-bbe97c1 elementor-invisible elementor-widget elementor-widget-image\" data-id=\"bbe97c1\" data-element_type=\"widget\" data-e-type=\"widget\" data-settings=\"{&quot;_animation&quot;:&quot;fadeInRight&quot;}\" data-widget_type=\"image.default\">\n\t\t\t\t<div class=\"elementor-widget-container\">\n\t\t\t\t\t\t\t\t\t\t\t\t\t\t\t<img decoding=\"async\" width=\"1000\" height=\"700\" src=\"https:\/\/www.brasseriedumoulin.be\/wp-content\/uploads\/2024\/05\/Brasserie-du-Moulin-ambiance2.jpg\" class=\"attachment-full size-full wp-image-31725\" alt=\"\" srcset=\"https:\/\/www.brasseriedumoulin.be\/wp-content\/uploads\/2024\/05\/Brasserie-du-Moulin-ambiance2.jpg 1000w, https:\/\/www.brasseriedumoulin.be\/wp-content\/uploads\/2024\/05\/Brasserie-du-Moulin-ambiance2-300x210.jpg 300w, https:\/\/www.brasseriedumoulin.be\/wp-content\/uploads\/2024\/05\/Brasserie-du-Moulin-ambiance2-768x538.jpg 768w, https:\/\/www.brasseriedumoulin.be\/wp-content\/uploads\/2024\/05\/Brasserie-du-Moulin-ambiance2-800x560.jpg 800w\" sizes=\"(max-width: 1000px) 100vw, 1000px\" \/>\t\t\t\t\t\t\t\t\t\t\t\t\t\t\t<\/div>\n\t\t\t\t<\/div>\n\t\t\t\t\t<\/div>\n\t\t<\/div>\n\t\t\t\t\t<\/div>\n\t\t<\/section>\n\t\t\t\t<section class=\"elementor-section elementor-top-section elementor-element elementor-element-5fc6b04 elementor-section-stretched elementor-section-boxed elementor-section-height-default elementor-section-height-default\" data-id=\"5fc6b04\" data-element_type=\"section\" data-e-type=\"section\" data-settings=\"{&quot;stretch_section&quot;:&quot;section-stretched&quot;,&quot;background_background&quot;:&quot;classic&quot;}\">\n\t\t\t\t\t\t\t<div class=\"elementor-background-overlay\"><\/div>\n\t\t\t\t\t\t\t<div class=\"elementor-container elementor-column-gap-default\">\n\t\t\t\t\t<div class=\"elementor-column elementor-col-100 elementor-top-column elementor-element elementor-element-9935d4e\" data-id=\"9935d4e\" data-element_type=\"column\" data-e-type=\"column\">\n\t\t\t<div class=\"elementor-widget-wrap elementor-element-populated\">\n\t\t\t\t\t\t<div class=\"elementor-element elementor-element-e6f5db6 elementor-invisible elementor-widget elementor-widget-heading\" data-id=\"e6f5db6\" data-element_type=\"widget\" data-e-type=\"widget\" data-settings=\"{&quot;_animation&quot;:&quot;fadeIn&quot;}\" data-widget_type=\"heading.default\">\n\t\t\t\t<div class=\"elementor-widget-container\">\n\t\t\t\t\t<h1 class=\"elementor-heading-title elementor-size-default\">Reserve a table<\/h1>\t\t\t\t<\/div>\n\t\t\t\t<\/div>\n\t\t\t\t<div class=\"elementor-element elementor-element-f4d7c28 elementor-widget elementor-widget-html\" data-id=\"f4d7c28\" data-element_type=\"widget\" data-e-type=\"widget\" data-widget_type=\"html.default\">\n\t\t\t\t<div class=\"elementor-widget-container\">\n\t\t\t\t\t<!-- Zenchef Widget SDK -->\n<script>;(function (d, s, id) {const el = d.getElementsByTagName(s)[0]; if (d.getElementById(id) || el.parentNode == null) {return;} var js = d.createElement(s);  js.id = id; js.async = true; js.src = 'https:\/\/sdk.zenchef.com\/v1\/sdk.min.js';  el.parentNode.insertBefore(js, el); })(document, 'script', 'zenchef-sdk')<\/script>\n<div class=\"zc-widget-config\" data-restaurant=\"365749\"><\/div>\t\t\t\t<\/div>\n\t\t\t\t<\/div>\n\t\t\t\t<div class=\"elementor-element elementor-element-7133633 elementor-widget elementor-widget-text-editor\" data-id=\"7133633\" data-element_type=\"widget\" data-e-type=\"widget\" data-widget_type=\"text-editor.default\">\n\t\t\t\t<div class=\"elementor-widget-container\">\n\t\t\t\t\t\t\t\t\t<p>+32 82 770 500<\/p>\t\t\t\t\t\t\t\t<\/div>\n\t\t\t\t<\/div>\n\t\t\t\t<div class=\"elementor-element elementor-element-6be8739 elementor-widget__width-inherit elementor-invisible elementor-widget elementor-widget-text-editor\" data-id=\"6be8739\" data-element_type=\"widget\" data-e-type=\"widget\" data-settings=\"{&quot;_animation&quot;:&quot;fadeInUp&quot;}\" data-widget_type=\"text-editor.default\">\n\t\t\t\t<div class=\"elementor-widget-container\">\n\t\t\t\t\t\t\t\t\t<h3 style=\"text-align: center;\"><a class=\"view-more margin-t24\" href=\"https:\/\/bookings.zenchef.com\/results?rid=365749&amp;pid=1001\" target=\"_blank\" rel=\"noopener\">ONLINE BOOKING<\/a>      <\/h3>\t\t\t\t\t\t\t\t<\/div>\n\t\t\t\t<\/div>\n\t\t\t\t\t<\/div>\n\t\t<\/div>\n\t\t\t\t\t<\/div>\n\t\t<\/section>\n\t\t\t\t<section class=\"elementor-section elementor-top-section elementor-element elementor-element-ed8d697 elementor-section-content-middle elementor-section-boxed elementor-section-height-default elementor-section-height-default\" data-id=\"ed8d697\" data-element_type=\"section\" data-e-type=\"section\" data-settings=\"{&quot;background_background&quot;:&quot;classic&quot;}\">\n\t\t\t\t\t\t<div class=\"elementor-container elementor-column-gap-default\">\n\t\t\t\t\t<div class=\"elementor-column elementor-col-50 elementor-top-column elementor-element elementor-element-a104b09\" data-id=\"a104b09\" data-element_type=\"column\" data-e-type=\"column\">\n\t\t\t<div class=\"elementor-widget-wrap elementor-element-populated\">\n\t\t\t\t\t\t<div class=\"elementor-element elementor-element-801a40b elementor-invisible elementor-widget elementor-widget-image\" data-id=\"801a40b\" data-element_type=\"widget\" data-e-type=\"widget\" data-settings=\"{&quot;_animation&quot;:&quot;fadeInLeft&quot;}\" data-widget_type=\"image.default\">\n\t\t\t\t<div class=\"elementor-widget-container\">\n\t\t\t\t\t\t\t\t\t\t\t\t\t\t\t<img decoding=\"async\" width=\"2500\" height=\"1667\" src=\"https:\/\/www.brasseriedumoulin.be\/wp-content\/uploads\/2024\/03\/Jardins_Molignee_23052023_081.jpg\" class=\"attachment-full size-full wp-image-31187\" alt=\"\" srcset=\"https:\/\/www.brasseriedumoulin.be\/wp-content\/uploads\/2024\/03\/Jardins_Molignee_23052023_081.jpg 2500w, https:\/\/www.brasseriedumoulin.be\/wp-content\/uploads\/2024\/03\/Jardins_Molignee_23052023_081-300x200.jpg 300w, https:\/\/www.brasseriedumoulin.be\/wp-content\/uploads\/2024\/03\/Jardins_Molignee_23052023_081-1024x683.jpg 1024w, https:\/\/www.brasseriedumoulin.be\/wp-content\/uploads\/2024\/03\/Jardins_Molignee_23052023_081-768x512.jpg 768w, https:\/\/www.brasseriedumoulin.be\/wp-content\/uploads\/2024\/03\/Jardins_Molignee_23052023_081-1536x1024.jpg 1536w, https:\/\/www.brasseriedumoulin.be\/wp-content\/uploads\/2024\/03\/Jardins_Molignee_23052023_081-2048x1366.jpg 2048w, https:\/\/www.brasseriedumoulin.be\/wp-content\/uploads\/2024\/03\/Jardins_Molignee_23052023_081-800x533.jpg 800w\" sizes=\"(max-width: 2500px) 100vw, 2500px\" \/>\t\t\t\t\t\t\t\t\t\t\t\t\t\t\t<\/div>\n\t\t\t\t<\/div>\n\t\t\t\t\t<\/div>\n\t\t<\/div>\n\t\t\t\t<div class=\"elementor-column elementor-col-50 elementor-top-column elementor-element elementor-element-89a582c\" data-id=\"89a582c\" data-element_type=\"column\" data-e-type=\"column\">\n\t\t\t<div class=\"elementor-widget-wrap elementor-element-populated\">\n\t\t\t\t\t\t<div class=\"elementor-element elementor-element-dbe8b32 elementor-widget elementor-widget-text-editor\" data-id=\"dbe8b32\" data-element_type=\"widget\" data-e-type=\"widget\" data-widget_type=\"text-editor.default\">\n\t\t\t\t<div class=\"elementor-widget-container\">\n\t\t\t\t\t\t\t\t\t<div class=\"smalltitle margin-b16\">A charming hotel in a charming valley<\/div>\t\t\t\t\t\t\t\t<\/div>\n\t\t\t\t<\/div>\n\t\t\t\t<div class=\"elementor-element elementor-element-170055a elementor-widget elementor-widget-heading\" data-id=\"170055a\" data-element_type=\"widget\" data-e-type=\"widget\" data-widget_type=\"heading.default\">\n\t\t\t\t<div class=\"elementor-widget-container\">\n\t\t\t\t\t<h2 class=\"elementor-heading-title elementor-size-default\">Our hotel<\/h2>\t\t\t\t<\/div>\n\t\t\t\t<\/div>\n\t\t\t\t<div class=\"elementor-element elementor-element-6b558dd elementor-widget elementor-widget-text-editor\" data-id=\"6b558dd\" data-element_type=\"widget\" data-e-type=\"widget\" data-widget_type=\"text-editor.default\">\n\t\t\t\t<div class=\"elementor-widget-container\">\n\t\t\t\t\t\t\t\t\t<p>Just opposite the Brasserie du Moulin, our beautiful 4-star Hotel \u00ab\u00a0Les Jardins de la Molign\u00e9e\u00a0\u00bb offers elegant accommodation in a peaceful setting of incredible natural beauty. <\/p><p>The hotel has 51 modern rooms, including 4 suites, 2 duplexes, 3 luxury suites, and 1 bridal suite. We have 31 rooms in the main building and 20 rooms in the \u00ab\u00a0H\u00f4tel du Moulin\u00a0\u00bb annex, located opposite the reception, next to the Brasserie. <\/p><p>In addition, the hotel offers sports and wellness facilities for a dream stay, as well as several rooms and services for organizing professional or private events!<\/p>\t\t\t\t\t\t\t\t<\/div>\n\t\t\t\t<\/div>\n\t\t\t\t<div class=\"elementor-element elementor-element-f2e6080 elementor-widget__width-inherit elementor-invisible elementor-widget elementor-widget-text-editor\" data-id=\"f2e6080\" data-element_type=\"widget\" data-e-type=\"widget\" data-settings=\"{&quot;_animation&quot;:&quot;fadeInUp&quot;}\" data-widget_type=\"text-editor.default\">\n\t\t\t\t<div class=\"elementor-widget-container\">\n\t\t\t\t\t\t\t\t\t<h6 style=\"text-align: center;\"><a class=\"view-more margin-t24\" href=\"https:\/\/jardins.molignee.com\/\" target=\"_blank\" rel=\"noopener\"> Discover our hotel<\/a><\/h6>\t\t\t\t\t\t\t\t<\/div>\n\t\t\t\t<\/div>\n\t\t\t\t\t<\/div>\n\t\t<\/div>\n\t\t\t\t\t<\/div>\n\t\t<\/section>\n\t\t\t\t<\/div>\n\t\t","protected":false},"excerpt":{"rendered":"<p>WELCOME An iconic brasserie in the Molign\u00e9e Valley for over 20 years, the Brasserie du Moulin has been completely renovated and is now part of the \u201d Les Jardins de la Molign\u00e9e \u201d hotel complex. The Brasserie\u2019s \u00e0 la carte and bistronomic menu focuses on local produce and producers, as well as more surprising suggestions to offer you a delicious&#8230;<\/p>\n","protected":false},"author":1,"featured_media":31731,"parent":0,"menu_order":99,"comment_status":"closed","ping_status":"closed","template":"","meta":{"footnotes":""},"class_list":["post-31236","page","type-page","status-publish","has-post-thumbnail","hentry"],"acf":[],"_links":{"self":[{"href":"https:\/\/www.brasseriedumoulin.be\/index.php?rest_route=\/wp\/v2\/pages\/31236","targetHints":{"allow":["GET"]}}],"collection":[{"href":"https:\/\/www.brasseriedumoulin.be\/index.php?rest_route=\/wp\/v2\/pages"}],"about":[{"href":"https:\/\/www.brasseriedumoulin.be\/index.php?rest_route=\/wp\/v2\/types\/page"}],"author":[{"embeddable":true,"href":"https:\/\/www.brasseriedumoulin.be\/index.php?rest_route=\/wp\/v2\/users\/1"}],"replies":[{"embeddable":true,"href":"https:\/\/www.brasseriedumoulin.be\/index.php?rest_route=%2Fwp%2Fv2%2Fcomments&post=31236"}],"version-history":[{"count":39,"href":"https:\/\/www.brasseriedumoulin.be\/index.php?rest_route=\/wp\/v2\/pages\/31236\/revisions"}],"predecessor-version":[{"id":33233,"href":"https:\/\/www.brasseriedumoulin.be\/index.php?rest_route=\/wp\/v2\/pages\/31236\/revisions\/33233"}],"wp:featuredmedia":[{"embeddable":true,"href":"https:\/\/www.brasseriedumoulin.be\/index.php?rest_route=\/wp\/v2\/media\/31731"}],"wp:attachment":[{"href":"https:\/\/www.brasseriedumoulin.be\/index.php?rest_route=%2Fwp%2Fv2%2Fmedia&parent=31236"}],"curies":[{"name":"wp","href":"https:\/\/api.w.org\/{rel}","templated":true}]}}