{"id":31233,"date":"2024-03-28T22:48:29","date_gmt":"2024-03-28T21:48:29","guid":{"rendered":"https:\/\/www.brasseriedumoulin.be\/?page_id=31233"},"modified":"2026-04-10T15:35:16","modified_gmt":"2026-04-10T13:35:16","slug":"notre-carte","status":"publish","type":"page","link":"https:\/\/www.brasseriedumoulin.be\/?page_id=31233&lang=nl","title":{"rendered":"Notre carte"},"content":{"rendered":"\t\t<div data-elementor-type=\"wp-page\" data-elementor-id=\"31233\" class=\"elementor elementor-31233 elementor-30312\" data-elementor-post-type=\"page\">\n\t\t\t\t\t\t<section class=\"elementor-section elementor-top-section elementor-element elementor-element-5fafe42 elementor-section-boxed elementor-section-height-default elementor-section-height-default\" data-id=\"5fafe42\" data-element_type=\"section\" data-e-type=\"section\">\n\t\t\t\t\t\t<div class=\"elementor-container elementor-column-gap-default\">\n\t\t\t\t\t<div class=\"elementor-column elementor-col-100 elementor-top-column elementor-element elementor-element-34b21599\" data-id=\"34b21599\" data-element_type=\"column\" data-e-type=\"column\">\n\t\t\t<div class=\"elementor-widget-wrap elementor-element-populated\">\n\t\t\t\t\t\t<div class=\"elementor-element elementor-element-490581a3 elementor-widget elementor-widget-text-editor\" data-id=\"490581a3\" data-element_type=\"widget\" data-e-type=\"widget\" data-widget_type=\"text-editor.default\">\n\t\t\t\t<div class=\"elementor-widget-container\">\n\t\t\t\t\t\t\t\t\t<div class=\"smalltitle\">Brasserie du moulin<\/div>\t\t\t\t\t\t\t\t<\/div>\n\t\t\t\t<\/div>\n\t\t\t\t<div class=\"elementor-element elementor-element-4623d1de elementor-widget elementor-widget-menu-anchor\" data-id=\"4623d1de\" data-element_type=\"widget\" data-e-type=\"widget\" data-widget_type=\"menu-anchor.default\">\n\t\t\t\t<div class=\"elementor-widget-container\">\n\t\t\t\t\t\t\t<div class=\"elementor-menu-anchor\" id=\"menubrasserie\"><\/div>\n\t\t\t\t\t\t<\/div>\n\t\t\t\t<\/div>\n\t\t\t\t<div class=\"elementor-element elementor-element-64500d93 elementor-widget elementor-widget-heading\" data-id=\"64500d93\" data-element_type=\"widget\" data-e-type=\"widget\" data-widget_type=\"heading.default\">\n\t\t\t\t<div class=\"elementor-widget-container\">\n\t\t\t\t\t<h2 class=\"elementor-heading-title elementor-size-default\">Menu<\/h2>\t\t\t\t<\/div>\n\t\t\t\t<\/div>\n\t\t\t\t<div class=\"elementor-element elementor-element-b0615f8 elementor-widget elementor-widget-text-editor\" data-id=\"b0615f8\" data-element_type=\"widget\" data-e-type=\"widget\" data-widget_type=\"text-editor.default\">\n\t\t\t\t<div class=\"elementor-widget-container\">\n\t\t\t\t\t\t\t\t\t<p><a href=\"https:\/\/www.brasseriedumoulin.be\/?page_id=3152\">Ontdek ook het bistronomische menu &gt;&gt;<\/a><\/p>\t\t\t\t\t\t\t\t<\/div>\n\t\t\t\t<\/div>\n\t\t\t\t<div class=\"elementor-element elementor-element-37dcd29d mt-tabs elementor-widget-mobile__width-initial elementor-tabs-view-horizontal elementor-invisible elementor-widget elementor-widget-tabs\" data-id=\"37dcd29d\" data-element_type=\"widget\" data-e-type=\"widget\" data-settings=\"{&quot;_animation&quot;:&quot;fadeIn&quot;}\" data-widget_type=\"tabs.default\">\n\t\t\t\t<div class=\"elementor-widget-container\">\n\t\t\t\t\t\t\t<div class=\"elementor-tabs\">\n\t\t\t<div class=\"elementor-tabs-wrapper\" role=\"tablist\" >\n\t\t\t\t\t\t\t\t\t<div id=\"elementor-tab-title-9371\" class=\"elementor-tab-title elementor-tab-desktop-title\" aria-selected=\"true\" data-tab=\"1\" role=\"tab\" tabindex=\"0\" aria-controls=\"elementor-tab-content-9371\" aria-expanded=\"false\">BORDEN OM TE DELEN<\/div>\n\t\t\t\t\t\t\t\t\t<div id=\"elementor-tab-title-9372\" class=\"elementor-tab-title elementor-tab-desktop-title\" aria-selected=\"false\" data-tab=\"2\" role=\"tab\" tabindex=\"-1\" aria-controls=\"elementor-tab-content-9372\" aria-expanded=\"false\">VOORGERECHTEN<\/div>\n\t\t\t\t\t\t\t\t\t<div id=\"elementor-tab-title-9373\" class=\"elementor-tab-title elementor-tab-desktop-title\" aria-selected=\"false\" data-tab=\"3\" role=\"tab\" tabindex=\"-1\" aria-controls=\"elementor-tab-content-9373\" aria-expanded=\"false\">Salades<\/div>\n\t\t\t\t\t\t\t\t\t<div id=\"elementor-tab-title-9374\" class=\"elementor-tab-title elementor-tab-desktop-title\" aria-selected=\"false\" data-tab=\"4\" role=\"tab\" tabindex=\"-1\" aria-controls=\"elementor-tab-content-9374\" aria-expanded=\"false\">TRADITIONELE GERECHTEN<\/div>\n\t\t\t\t\t\t\t\t\t<div id=\"elementor-tab-title-9375\" class=\"elementor-tab-title elementor-tab-desktop-title\" aria-selected=\"false\" data-tab=\"5\" role=\"tab\" tabindex=\"-1\" aria-controls=\"elementor-tab-content-9375\" aria-expanded=\"false\">Vlees<\/div>\n\t\t\t\t\t\t\t\t\t<div id=\"elementor-tab-title-9376\" class=\"elementor-tab-title elementor-tab-desktop-title\" aria-selected=\"false\" data-tab=\"6\" role=\"tab\" tabindex=\"-1\" aria-controls=\"elementor-tab-content-9376\" aria-expanded=\"false\">Vissen<\/div>\n\t\t\t\t\t\t\t\t\t<div id=\"elementor-tab-title-9377\" class=\"elementor-tab-title elementor-tab-desktop-title\" aria-selected=\"false\" data-tab=\"7\" role=\"tab\" tabindex=\"-1\" aria-controls=\"elementor-tab-content-9377\" aria-expanded=\"false\">Vegetari\u00ebrs<\/div>\n\t\t\t\t\t\t\t\t\t<div id=\"elementor-tab-title-9378\" class=\"elementor-tab-title elementor-tab-desktop-title\" aria-selected=\"false\" data-tab=\"8\" role=\"tab\" tabindex=\"-1\" aria-controls=\"elementor-tab-content-9378\" aria-expanded=\"false\">Kindergerechten<\/div>\n\t\t\t\t\t\t\t\t\t<div id=\"elementor-tab-title-9379\" class=\"elementor-tab-title elementor-tab-desktop-title\" aria-selected=\"false\" data-tab=\"9\" role=\"tab\" tabindex=\"-1\" aria-controls=\"elementor-tab-content-9379\" aria-expanded=\"false\">Kazen en desserts<\/div>\n\t\t\t\t\t\t\t<\/div>\n\t\t\t<div class=\"elementor-tabs-content-wrapper\" role=\"tablist\" aria-orientation=\"vertical\">\n\t\t\t\t\t\t\t\t\t<div class=\"elementor-tab-title elementor-tab-mobile-title\" aria-selected=\"true\" data-tab=\"1\" role=\"tab\" tabindex=\"0\" aria-controls=\"elementor-tab-content-9371\" aria-expanded=\"false\">BORDEN OM TE DELEN<\/div>\n\t\t\t\t\t<div id=\"elementor-tab-content-9371\" class=\"elementor-tab-content elementor-clearfix\" data-tab=\"1\" role=\"tabpanel\" aria-labelledby=\"elementor-tab-title-9371\" tabindex=\"0\" hidden=\"false\"><ul class=\"food-menu menu-2cols\">\n<li>\n<h4><span class=\"menu-title\"><em>Charcuterieschotel | Voor 2 personen<\/em><\/span><span class=\"menu-price\">\u20ac23.00<\/span><\/h4>\n<div class=\"menu-text\">Ardense gerookte ham, tijmworst, Michtrolle pat\u00e9<\/div>\n<\/li>\n<li>\n<h4><span class=\"menu-title\">Gemengde schotel | <i>Voor 2 persone<\/i>n<\/span>  \u20ac<span class=\"menu-price\">25.00<\/span><\/h4>\n<div class=\"menu-text\">Ardenner gerookte ham, tijmworst, Maredsous kaas, Sommi\u00e8re kaas<\/div>\n<\/li>\n<li>\n<h4><span class=\"menu-title\">Visschotel | <i>Voor 2 persone<\/i><\/span>n<span class=\"menu-price\">\u20ac27.00<\/span><\/h4>\n<div class=\"menu-text\">Rillettes van gerookte forel, Gravlax van zalmforel, Maredsous-room met kruiden<\/div>\n<\/li>\n<li>\n<h4><span class=\"menu-title\"><i>Surf and Turf Platter | Voor 4 personen<\/i><\/span> <span class=\"menu-price\">\u20ac39.00<\/span><\/h4>\n<div class=\"menu-text\">Ardense gerookte ham, worst met tijm, Maredsous-kaas, rillettes van gerookte forel, Gravlax van zalmforel<\/div>\n<\/li>\n<\/ul>\n<\/div>\n\t\t\t\t\t\t\t\t\t<div class=\"elementor-tab-title elementor-tab-mobile-title\" aria-selected=\"false\" data-tab=\"2\" role=\"tab\" tabindex=\"-1\" aria-controls=\"elementor-tab-content-9372\" aria-expanded=\"false\">VOORGERECHTEN<\/div>\n\t\t\t\t\t<div id=\"elementor-tab-content-9372\" class=\"elementor-tab-content elementor-clearfix\" data-tab=\"2\" role=\"tabpanel\" aria-labelledby=\"elementor-tab-title-9372\" tabindex=\"0\" hidden=\"hidden\"><div class=\"menu-text\"> <\/div>\n<ul class=\"food-menu menu-2cols\">\n<li>\n<h4><span class=\"menu-title\">Profiteroles van slakken uit Warnant met daslook<\/span> <span class=\"menu-price\">\u20ac21,00<\/span><\/h4>\n<div class=\"menu-text\"> <\/div>\n<\/li>\n<li>\n<h4><span class=\"menu-title\">Onze huisgemaakte Maredsous-kaaskroketten<\/span> <span class=\"menu-price\">\u20ac19,00<\/span><\/h4>\n<div class=\"menu-text\"><strong>Hoofdgerecht: \u20ac 24,00<\/strong><\/div>\n<\/li>\n<li>\n<h4>Ambachtelijke garnalenkroketten \u20ac 25,00<\/h4>\n<div class=\"menu-text\"><strong>Hoofdgerecht: \u20ac 29,00<\/strong><\/div>\n<\/li>\n<li>\n<h4>Duo van garnalen- en Maredsous-kaaskroketten \u20ac 22,00 <\/h4>\n<\/li>\n<li>\n<h4 class=\"p1\">Tartaar van zalmforel op Aziatische wijze, kiwi, sesam, rijstchips \u20ac 19,00<\/h4>\n<\/li>\n<li>\n<h4 class=\"p1\">Carpaccio de boeuf fum\u00e9, salade de bl\u00e9, huile aux thym\u20ac23.00<\/h4>\n<\/li>\n<\/ul>\n<\/div>\n\t\t\t\t\t\t\t\t\t<div class=\"elementor-tab-title elementor-tab-mobile-title\" aria-selected=\"false\" data-tab=\"3\" role=\"tab\" tabindex=\"-1\" aria-controls=\"elementor-tab-content-9373\" aria-expanded=\"false\">Salades<\/div>\n\t\t\t\t\t<div id=\"elementor-tab-content-9373\" class=\"elementor-tab-content elementor-clearfix\" data-tab=\"3\" role=\"tabpanel\" aria-labelledby=\"elementor-tab-title-9373\" tabindex=\"0\" hidden=\"hidden\"><ul class=\"food-menu menu-2cols\">\n<li>\n<h4><span class=\"menu-title\">Verse salade <\/span><span class=\"menu-price\">\u20ac23,00<\/span><\/h4>\n<div class=\"menu-text\">Quinoa, geitenkaas, rauwe seizoensgroenten, honing en tijmvinaigrette<\/div>\n<\/li>\n<li>\n<h4>Lentesalade \u20ac 24,00<\/h4>\n<div class=\"menu-text\">Asperges, gravlax van zalmforel, grapefruitvinaigrette<\/div>\n<\/li>\n<li>\n<h4><span class=\"menu-title\">Ardense salade<\/span> <span class=\"menu-price\">\u20ac24,00<\/span><\/h4>\n<div class=\"menu-text\">Ham uit onze Ardennen, Mozzarella, rucola, gedroogde tomaten<\/div>\n<\/li>\n<li>\n<h4><span class=\"menu-title\">Oceaansalade<\/span> <span class=\"menu-price\">\u20ac28,00<\/span><\/h4>\n<div class=\"menu-text\">Gerookte forel, gravlax van zalmforel, scampi&#8217;s, milde curryvinaigrette<\/div>\n<\/li>\n<\/ul>\n<\/div>\n\t\t\t\t\t\t\t\t\t<div class=\"elementor-tab-title elementor-tab-mobile-title\" aria-selected=\"false\" data-tab=\"4\" role=\"tab\" tabindex=\"-1\" aria-controls=\"elementor-tab-content-9374\" aria-expanded=\"false\">TRADITIONELE GERECHTEN<\/div>\n\t\t\t\t\t<div id=\"elementor-tab-content-9374\" class=\"elementor-tab-content elementor-clearfix\" data-tab=\"4\" role=\"tabpanel\" aria-labelledby=\"elementor-tab-title-9374\" tabindex=\"0\" hidden=\"hidden\"><ul class=\"food-menu menu-2cols\">\n<li>\n<h4><span class=\"menu-title\">Gehaktballetjes in bierbeslag uit Maredsous<\/span> <span class=\"menu-price\">\u20ac22,00<\/span><\/h4>\n<div class=\"menu-text\"> <\/div>\n<\/li>\n<li>\n<h4><span class=\"menu-title\">Gegrilde ham <\/span>\u20ac<span class=\"menu-price\">27.00<\/span><\/h4>\n<div class=\"menu-text\">B\u00e9arnaisesaus of Twee mosterdsaus, spekjes, verse tijm<\/div>\n<\/li>\n<li>\n<h4><span class=\"menu-title\">180g rundvleesburger<\/span> <span class=\"menu-price\">\u20ac25.00<\/span><\/h4>\n<div class=\"menu-text\">Sommi\u00e8re kaas, saus van de chef<\/div>\n<h4> <\/h4>\n<\/li>\n<li>\n<h4><span class=\"menu-title\">Runderburger met truffel <\/span><span class=\"menu-price\">\u20ac26,00<\/span><\/h4>\n<div class=\"menu-text\">Ardense hamchips, Sommi\u00e8re-kaas, truffelsaus<\/div>\n<\/li>\n<li>\n<h4>Osso bucco van kalfsvlees met verse pasta \u20ac 31,00<\/h4>\n<\/li>\n<li>\n<h4>Huisgemaakte Amerikaanse steak, door ons bereid \u20ac 25,00<\/h4>\n<\/li>\n<li>\n<h4><span class=\"menu-title\">Curried scampi pasta en courgette tagliatelle<\/span><span class=\"menu-price\"> \u20ac 24,00<\/span><\/h4>\n<\/li>\n<li>\n<h4>Pasta carbonara zoals bij ons thuis \u20ac 23,00<\/h4>\n<\/li>\n<\/ul>\n<\/div>\n\t\t\t\t\t\t\t\t\t<div class=\"elementor-tab-title elementor-tab-mobile-title\" aria-selected=\"false\" data-tab=\"5\" role=\"tab\" tabindex=\"-1\" aria-controls=\"elementor-tab-content-9375\" aria-expanded=\"false\">Vlees<\/div>\n\t\t\t\t\t<div id=\"elementor-tab-content-9375\" class=\"elementor-tab-content elementor-clearfix\" data-tab=\"5\" role=\"tabpanel\" aria-labelledby=\"elementor-tab-title-9375\" tabindex=\"0\" hidden=\"hidden\"><ul class=\"food-menu menu-2cols\">\n<li>\n<h4><span class=\"menu-title\">Runderstea<\/span>k <span class=\"menu-price\">\u20ac28.00<\/span><\/h4>\n<div class=\"menu-text\">280 gr<\/div>\n<\/li>\n<li>\n<h4><span class=\"menu-title\">Gemarineerde kipspies<\/span> <span class=\"menu-price\">\u20ac23,00<\/span><\/h4>\n<\/li>\n<li>\n<h4>Entrec\u00f4te van Holstein-rundvlees \u20ac 35,00<\/h4>\n<div class=\"menu-text\">320 gr<\/div>\n<\/li>\n<li>\n<h4>Lamsboutje met port en verse tijm, seizoensgroenten, krieltjes \u20ac 34,00<\/h4>\n<\/li>\n<li>Onze huisgemaakte sauzen: B\u00e9arnaise | Grofgemalen peper | Champignons | Roquefort | Beurre caf\u00e9 de Paris | Huisgemaakt (twee soorten mosterd, spekjes, verse tijm)<br \/>\n<h4><span class=\"menu-price\">\u20ac3.50<\/span><\/h4>\n<\/li>\n<li>\n<h4>Toeslagen:<\/h4>\n<p class=\"p1\">Warme groenten \u20ac 3,50<\/p>\n<p class=\"p1\">Salade 3,50\u20ac<\/p>\n<p class=\"p1\">Frietjes 3,50\u20ac<\/p>\n<p class=\"p2\">Mayonnaise &amp; ketchup 1,50\u20ac<\/p>\n<\/li>\n<li>\n<h4><em>Al ons vlees wordt geserveerd met salade en friet<\/em><\/h4>\n<\/li>\n<\/ul>\n<\/div>\n\t\t\t\t\t\t\t\t\t<div class=\"elementor-tab-title elementor-tab-mobile-title\" aria-selected=\"false\" data-tab=\"6\" role=\"tab\" tabindex=\"-1\" aria-controls=\"elementor-tab-content-9376\" aria-expanded=\"false\">Vissen<\/div>\n\t\t\t\t\t<div id=\"elementor-tab-content-9376\" class=\"elementor-tab-content elementor-clearfix\" data-tab=\"6\" role=\"tabpanel\" aria-labelledby=\"elementor-tab-title-9376\" tabindex=\"0\" hidden=\"hidden\"><ul class=\"food-menu menu-2cols\">\n<li>\n<h4>Annevoie forel meuni\u00e8re \u20ac 26,00<\/h4>\n<\/li>\n<li>\n<h4>Halfgare tonijn, chorizocr\u00e8me, seizoensgroenten en pomme dauphine \u20ac 33,00<\/h4>\n<\/li>\n<li>\n<h4>Tataki de noix de Saint-Jacques, pur\u00e9e de petits pois, pommes grenaille \u20ac31.00<\/h4>\n<\/li>\n<\/ul>\n<\/div>\n\t\t\t\t\t\t\t\t\t<div class=\"elementor-tab-title elementor-tab-mobile-title\" aria-selected=\"false\" data-tab=\"7\" role=\"tab\" tabindex=\"-1\" aria-controls=\"elementor-tab-content-9377\" aria-expanded=\"false\">Vegetari\u00ebrs<\/div>\n\t\t\t\t\t<div id=\"elementor-tab-content-9377\" class=\"elementor-tab-content elementor-clearfix\" data-tab=\"7\" role=\"tabpanel\" aria-labelledby=\"elementor-tab-title-9377\" tabindex=\"0\" hidden=\"hidden\"><ul class=\"food-menu menu-2cols\">\n<li>\n<h4>Vegetarische burger, Maredsous, tomaten, rucola, saus van de chef \u20ac 23,00<\/h4>\n<div class=\"menu-text\"> <\/div>\n<\/li>\n<li>\n<h4><span class=\"menu-title\">Pasta met groenten, cr\u00e8me van gedroogde tomaten en rucola, parmezaanse kaasvlokken<\/span> <span class=\"menu-price\">\u20ac23,00<\/span><\/h4>\n<div class=\"menu-text\"> <\/div>\n<\/li>\n<li>\n<h4>Gebakken asperges en wortelen, puree met olijfolie, boter met wijngaardperziken \u20ac24,00<\/h4>\n<\/li>\n<\/ul>\n<\/div>\n\t\t\t\t\t\t\t\t\t<div class=\"elementor-tab-title elementor-tab-mobile-title\" aria-selected=\"false\" data-tab=\"8\" role=\"tab\" tabindex=\"-1\" aria-controls=\"elementor-tab-content-9378\" aria-expanded=\"false\">Kindergerechten<\/div>\n\t\t\t\t\t<div id=\"elementor-tab-content-9378\" class=\"elementor-tab-content elementor-clearfix\" data-tab=\"8\" role=\"tabpanel\" aria-labelledby=\"elementor-tab-title-9378\" tabindex=\"0\" hidden=\"hidden\"><ul class=\"food-menu menu-2cols\">\n<li>\n<h4><span class=\"menu-title\">Huisgemaakte Maredsous kaaskroket, salade<\/span> <span class=\"menu-price\">\u20ac10,00<\/span><\/h4>\n<\/li>\n<li>\n<h4><span class=\"menu-title\">Miniburger, friet<\/span> <span class=\"menu-price\">\u20ac14,00<\/span><\/h4>\n<\/li>\n<li>\n<h4><span class=\"menu-title\">Kleine carbonara <\/span><span class=\"menu-price\">\u20ac14,00<\/span><\/h4>\n<\/li>\n<li>\n<h4><span class=\"menu-title\">Kipnuggets, friet<\/span> <span class=\"menu-price\">\u20ac14,00<\/span><\/h4>\n<\/li>\n<li>\n<h4>Fish and chips\u20ac14.00<\/h4>\n<\/li>\n<\/ul>\n<\/div>\n\t\t\t\t\t\t\t\t\t<div class=\"elementor-tab-title elementor-tab-mobile-title\" aria-selected=\"false\" data-tab=\"9\" role=\"tab\" tabindex=\"-1\" aria-controls=\"elementor-tab-content-9379\" aria-expanded=\"false\">Kazen en desserts<\/div>\n\t\t\t\t\t<div id=\"elementor-tab-content-9379\" class=\"elementor-tab-content elementor-clearfix\" data-tab=\"9\" role=\"tabpanel\" aria-labelledby=\"elementor-tab-title-9379\" tabindex=\"0\" hidden=\"hidden\"><ul class=\"food-menu menu-2cols\">\n<li>\n<h4><span class=\"menu-title\"><span class=\"TextRun SCXW109272760 BCX0\" lang=\"FR-FR\" xml:lang=\"FR-FR\" data-contrast=\"auto\"><span class=\"NormalTextRun SCXW109272760 BCX0\">Kaasplankje van onze ambachtslieden<\/span><\/span><\/span> <span class=\"menu-price\">\u20ac 16,00<\/span><\/h4>\n<\/li>\n<li><span class=\"TextRun SCXW24925217 BCX0\" lang=\"FR-FR\" data-contrast=\"auto\" xml:lang=\"FR-FR\"><span class=\"NormalTextRun SCXW24925217 BCX0\">Al onze desserts zijn huisgemaakt<\/span><\/span> .<span class=\"EOP SCXW24925217 BCX0\" data-ccp-props=\"{\"201341983\":0,\"335551550\":2,\"335551620\":2,\"335559739\":160,\"335559740\":259}\">..<\/span>\n<div class=\"menu-text\"> <\/div>\n<\/li>\n<li>\n<h4>Rock\u2019N Choc met een bolletje frambozen-hibiscus sorbet \u20ac12,00<\/h4>\n<\/li>\n<li>\n<h4>Tiramisu met speculaas \u20ac10,90<\/h4>\n<\/li>\n<li>\n<h4>Cr\u00e8me br\u00fbl\u00e9e met rabarber \u20ac10,90<\/h4>\n<\/li>\n<li>\n<h4>Bretons zandkoekje, citroencr\u00e8me, aardbei \u20ac11,90<\/h4>\n<\/li>\n<li>\n<h4>Caf\u00e9 of thee met lekkernijen \u20ac 13,90<\/h4>\n<\/li>\n<li>\n<h4>Schaal aardbeien met een bolletje ijs \u20ac 12,50<\/h4>\n<\/li>\n<li>\n<h4>Echte dame blanche \u20ac 12,50<\/h4>\n<\/li>\n<li>\n<h4><span class=\"menu-title\">Braziliaanse beker <\/span><span class=\"menu-price\">\u20ac 11,00<\/span><\/h4>\n<\/li>\n<li>\n<h4>Schotel ijs\/sorbet 3 bolletjes naar keuze<\/h4>\n<h4>Vanille | Chocolade | Karamel met gezouten boter | Amandelmelk | Mokka | Framboos | Citroen | Passievrucht | Aardbei | Framboos-hibiscus<\/h4>\n<h4><span class=\"menu-price\">\u20ac10.50<\/span><\/h4>\n<\/li>\n<\/ul>\n<\/div>\n\t\t\t\t\t\t\t<\/div>\n\t\t<\/div>\n\t\t\t\t\t\t<\/div>\n\t\t\t\t<\/div>\n\t\t\t\t\t<\/div>\n\t\t<\/div>\n\t\t\t\t\t<\/div>\n\t\t<\/section>\n\t\t\t\t<\/div>\n\t\t","protected":false},"excerpt":{"rendered":"<p>Brasserie du moulin Menu Ontdek ook het bistronomische menu &gt;&gt; BORDEN OM TE DELEN VOORGERECHTEN Salades TRADITIONELE GERECHTEN Vlees Vissen Vegetari\u00ebrs Kindergerechten Kazen en desserts BORDEN OM TE DELEN Charcuterieschotel | Voor 2 personen\u20ac23.00 Ardense gerookte ham, tijmworst, Michtrolle pat\u00e9 Gemengde schotel | Voor 2 personen \u20ac25.00 Ardenner gerookte ham, tijmworst, Maredsous kaas, Sommi\u00e8re kaas Visschotel | Voor 2 personen\u20ac27.00&#8230;<\/p>\n","protected":false},"author":1,"featured_media":32218,"parent":0,"menu_order":0,"comment_status":"closed","ping_status":"closed","template":"","meta":{"footnotes":""},"class_list":["post-31233","page","type-page","status-publish","has-post-thumbnail","hentry"],"acf":[],"_links":{"self":[{"href":"https:\/\/www.brasseriedumoulin.be\/index.php?rest_route=\/wp\/v2\/pages\/31233","targetHints":{"allow":["GET"]}}],"collection":[{"href":"https:\/\/www.brasseriedumoulin.be\/index.php?rest_route=\/wp\/v2\/pages"}],"about":[{"href":"https:\/\/www.brasseriedumoulin.be\/index.php?rest_route=\/wp\/v2\/types\/page"}],"author":[{"embeddable":true,"href":"https:\/\/www.brasseriedumoulin.be\/index.php?rest_route=\/wp\/v2\/users\/1"}],"replies":[{"embeddable":true,"href":"https:\/\/www.brasseriedumoulin.be\/index.php?rest_route=%2Fwp%2Fv2%2Fcomments&post=31233"}],"version-history":[{"count":124,"href":"https:\/\/www.brasseriedumoulin.be\/index.php?rest_route=\/wp\/v2\/pages\/31233\/revisions"}],"predecessor-version":[{"id":33222,"href":"https:\/\/www.brasseriedumoulin.be\/index.php?rest_route=\/wp\/v2\/pages\/31233\/revisions\/33222"}],"wp:featuredmedia":[{"embeddable":true,"href":"https:\/\/www.brasseriedumoulin.be\/index.php?rest_route=\/wp\/v2\/media\/32218"}],"wp:attachment":[{"href":"https:\/\/www.brasseriedumoulin.be\/index.php?rest_route=%2Fwp%2Fv2%2Fmedia&parent=31233"}],"curies":[{"name":"wp","href":"https:\/\/api.w.org\/{rel}","templated":true}]}}