{"id":31227,"date":"2018-05-22T13:17:13","date_gmt":"2018-05-22T11:17:13","guid":{"rendered":"https:\/\/www.brasseriedumoulin.be\/?page_id=31227"},"modified":"2026-04-10T08:22:38","modified_gmt":"2026-04-10T06:22:38","slug":"la-carte-des-vins","status":"publish","type":"page","link":"https:\/\/www.brasseriedumoulin.be\/?page_id=31227&lang=en","title":{"rendered":"Wines list"},"content":{"rendered":"\t\t<div data-elementor-type=\"wp-post\" data-elementor-id=\"31227\" class=\"elementor elementor-31227 elementor-729\" data-elementor-post-type=\"page\">\n\t\t\t\t\t\t<section class=\"elementor-section elementor-top-section elementor-element elementor-element-6c6d47c9 elementor-section-content-middle elementor-section-boxed elementor-section-height-default elementor-section-height-default\" data-id=\"6c6d47c9\" data-element_type=\"section\" data-e-type=\"section\">\n\t\t\t\t\t\t<div class=\"elementor-container elementor-column-gap-no\">\n\t\t\t\t\t<div class=\"elementor-column elementor-col-100 elementor-top-column elementor-element elementor-element-7fd5e418\" data-id=\"7fd5e418\" data-element_type=\"column\" data-e-type=\"column\">\n\t\t\t<div class=\"elementor-widget-wrap elementor-element-populated\">\n\t\t\t\t\t\t<div class=\"elementor-element elementor-element-3b2ea74e elementor-widget elementor-widget-text-editor\" data-id=\"3b2ea74e\" data-element_type=\"widget\" data-e-type=\"widget\" data-widget_type=\"text-editor.default\">\n\t\t\t\t<div class=\"elementor-widget-container\">\n\t\t\t\t\t\t\t\t\t<div class=\"smalltitle margin-b16\">carte<\/div><h2 class=\"home-title\">Our wines<\/h2>\t\t\t\t\t\t\t\t<\/div>\n\t\t\t\t<\/div>\n\t\t\t\t<div class=\"elementor-element elementor-element-737be963 mt-tabs elementor-tabs-view-horizontal elementor-invisible elementor-widget elementor-widget-tabs\" data-id=\"737be963\" data-element_type=\"widget\" data-e-type=\"widget\" data-settings=\"{&quot;_animation&quot;:&quot;fadeIn&quot;}\" data-widget_type=\"tabs.default\">\n\t\t\t\t<div class=\"elementor-widget-container\">\n\t\t\t\t\t\t\t<div class=\"elementor-tabs\">\n\t\t\t<div class=\"elementor-tabs-wrapper\" role=\"tablist\" >\n\t\t\t\t\t\t\t\t\t<div id=\"elementor-tab-title-1931\" class=\"elementor-tab-title elementor-tab-desktop-title\" aria-selected=\"true\" data-tab=\"1\" role=\"tab\" tabindex=\"0\" aria-controls=\"elementor-tab-content-1931\" aria-expanded=\"false\">WHITE WINES<\/div>\n\t\t\t\t\t\t\t\t\t<div id=\"elementor-tab-title-1932\" class=\"elementor-tab-title elementor-tab-desktop-title\" aria-selected=\"false\" data-tab=\"2\" role=\"tab\" tabindex=\"-1\" aria-controls=\"elementor-tab-content-1932\" aria-expanded=\"false\">Ros\u00e9 wines<\/div>\n\t\t\t\t\t\t\t\t\t<div id=\"elementor-tab-title-1933\" class=\"elementor-tab-title elementor-tab-desktop-title\" aria-selected=\"false\" data-tab=\"3\" role=\"tab\" tabindex=\"-1\" aria-controls=\"elementor-tab-content-1933\" aria-expanded=\"false\">Red wines<\/div>\n\t\t\t\t\t\t\t<\/div>\n\t\t\t<div class=\"elementor-tabs-content-wrapper\" role=\"tablist\" aria-orientation=\"vertical\">\n\t\t\t\t\t\t\t\t\t<div class=\"elementor-tab-title elementor-tab-mobile-title\" aria-selected=\"true\" data-tab=\"1\" role=\"tab\" tabindex=\"0\" aria-controls=\"elementor-tab-content-1931\" aria-expanded=\"false\">WHITE WINES<\/div>\n\t\t\t\t\t<div id=\"elementor-tab-content-1931\" class=\"elementor-tab-content elementor-clearfix\" data-tab=\"1\" role=\"tabpanel\" aria-labelledby=\"elementor-tab-title-1931\" tabindex=\"0\" hidden=\"false\"><ul class=\"food-menu menu-2cols\">\n<li>\n<h4>Se\u00f1or\u00edo de Hueda Blanco<span class=\"s1\"><span class=\"menu-price\">29.00\u20ac<\/span><\/span><\/h4>\n<div class=\"menu-text\">\n<p class=\"p1\">100 % Sauvignon blanc | Rioja (DOCa) Spain<\/p>\n<\/div>\n<\/li>\n<li>\n<h4>Domaine du Bosquet Chardonnay <span class=\"s1\"><span class=\"menu-price\">34.00\u20ac<\/span><\/span><\/h4>\n<div class=\"menu-text\">\n<p class=\"p1\">100% Chardonnay | Pays d\u2019Oc (IGP) France<\/p>\n<\/div>\n<\/li>\n<li>\n<h4>Campo di Cristobal <span class=\"s1\"><span class=\"menu-price\">35.00\u20ac<\/span><\/span><\/h4>\n<div class=\"menu-text\">\n<p class=\"p1\">Pinot gris | V\u00e9nitie &#8211; Italy<\/p>\n<\/div>\n<\/li>\n<li>\n<h4>La Linda Malbec<span class=\"s1\"><span class=\"menu-price\">41.00\u20ac<\/span><\/span><\/h4>\n<div class=\"menu-text\">\n<p class=\"p1\">Malbec | Argentina<\/p>\n<\/div>\n<\/li>\n<li>\n<h4>Domaine de la Renaudie Sauvignon<span class=\"s1\"><span class=\"menu-price\">41.00\u20ac<\/span><\/span><\/h4>\n<div class=\"menu-text\">\n<p class=\"p1\">100% Sauvignon blanc | Touraine (AOP) France<\/p>\n<\/div>\n<\/li>\n<li>\n<h4>Maison Trimbach Pinot Blanc<span class=\"s1\"><span class=\"menu-price\">45.00\u20ac<\/span><\/span><\/h4>\n<div class=\"menu-text\">\n<p class=\"p1\">Auxerrois\/Pinot blanc | Alsace (AOC) France<\/p>\n<\/div>\n<\/li>\n<li>\n<h4>Ch\u00e2teau de Bioul Terre Charlot BIO 2022<span class=\"s1\"><span class=\"menu-price\">47.00\u20ac<\/span><\/span><\/h4>\n<div class=\"menu-text\">\n<p class=\"p1\">Solaris, Muscaris | C\u00f4tes de Sambre et Meuse (AOC) Belgium<\/p>\n<\/div>\n<\/li>\n<\/ul>\n<\/div>\n\t\t\t\t\t\t\t\t\t<div class=\"elementor-tab-title elementor-tab-mobile-title\" aria-selected=\"false\" data-tab=\"2\" role=\"tab\" tabindex=\"-1\" aria-controls=\"elementor-tab-content-1932\" aria-expanded=\"false\">Ros\u00e9 wines<\/div>\n\t\t\t\t\t<div id=\"elementor-tab-content-1932\" class=\"elementor-tab-content elementor-clearfix\" data-tab=\"2\" role=\"tabpanel\" aria-labelledby=\"elementor-tab-title-1932\" tabindex=\"0\" hidden=\"hidden\"><ul class=\"food-menu menu-2cols\">\n<li>\n<h4>Bodegas Barriobero<span class=\"s1\"><span class=\"menu-price\">29.00\u20ac<\/span><\/span><\/h4>\n<div class=\"menu-text\">\n<p class=\"p1\">Hacienda La Dehesita Rosado | Spain<\/p>\n<\/div>\n<\/li>\n<li>\n<h4>Croix d\u2019Or Syrah Ros\u00e9<span class=\"s1\"><span class=\"menu-price\">30.00\u20ac<\/span><\/span><\/h4>\n<div class=\"menu-text\">\n<p class=\"p1\">100% Syrah | Pays d\u2019Oc (IGP) France<\/p>\n<\/div>\n<\/li>\n<li>\n<h4>Campo di Cristobal <span class=\"s1\"><span class=\"menu-price\">33.00\u20ac<\/span><\/span><\/h4>\n<div class=\"menu-text\">\n<p class=\"p1\">Pinot gris | Veneto Italy<\/p>\n<\/div>\n<\/li>\n<\/ul>\n<\/div>\n\t\t\t\t\t\t\t\t\t<div class=\"elementor-tab-title elementor-tab-mobile-title\" aria-selected=\"false\" data-tab=\"3\" role=\"tab\" tabindex=\"-1\" aria-controls=\"elementor-tab-content-1933\" aria-expanded=\"false\">Red wines<\/div>\n\t\t\t\t\t<div id=\"elementor-tab-content-1933\" class=\"elementor-tab-content elementor-clearfix\" data-tab=\"3\" role=\"tabpanel\" aria-labelledby=\"elementor-tab-title-1933\" tabindex=\"0\" hidden=\"hidden\"><ul class=\"food-menu menu-2cols\">\n<li>\n<h4><span class=\"s1\">Se\u00f1or\u00edo de Hueda Jeune Rouge <\/span><span class=\"menu-price\">29.00\u20ac<\/span><\/h4>\n<p class=\"menu-text\">100% Tempranillo | Rioja (DOCa) Spain<\/p>\n<\/li>\n<li>\n<h4><span class=\"s1\">Villa Don Carlos <\/span><span class=\"menu-price\">30.00\u20ac<\/span><\/h4>\n<div class=\"menu-text\">\n<p>100% Cabernet sauvignon | Vall\u00e9e centrale, Chili<\/p>\n<\/div>\n<h4>&nbsp;<\/h4>\n<\/li>\n<li>\n<h4>Dom Du Bosquet Merlot <span class=\"menu-price\">33.00\u20ac<\/span><\/h4>\n<div class=\"menu-text\">\n<p>100% Merlot | Pays d\u2019Oc (IGP) France<\/p>\n<\/p>\n<\/div>\n<\/li>\n<li>\n<h4>Campo di Cristobal <span class=\"menu-price\">35.00\u20ac<\/span><\/h4>\n<div class=\"menu-text\">\n<p class=\"p1\"><em>Primitivo<\/em><i> | Pouilles Italy<\/i><\/p>\n<\/div>\n<\/li>\n<li>\n<h4>Ch\u00e2teau Latour de Rissac <span class=\"menu-price\">38.00\u20ac<\/span><\/h4>\n<div class=\"menu-text\">\n<p class=\"p1\"><em>Syrah, Cabernet Franc, Grenache, Merlot<\/em><i> | Cabard\u00e8s (AOC) France<\/i><\/p>\n<\/p>\n<\/div>\n<\/li>\n<li>\n<h4>Mouton Cadet Rouge<span class=\"menu-price\">45.00\u20ac<\/span><\/h4>\n<div class=\"menu-text\">\n<p>Merlot, Cabernet sauvignon, Cabernet franc | Bordeaux (AOC) France<\/p>\n<\/div>\n<\/li>\n<li>\n<h4>Domaine Guigal C\u00f4tes-du-Rh\u00f4ne Rouge<span class=\"menu-price\">47.00\u20ac<\/span><\/h4>\n<div class=\"menu-text\">\n<p>Syrah, Grenache | C\u00f4tes du Rh\u00f4ne (AOC) France<\/p>\n<\/div>\n<h4>&nbsp;<\/h4>\n<\/li>\n<li>\n<h4>Luigi Bosca Pinot Noir<span class=\"menu-price\">48.00\u20ac<\/span><\/h4>\n<div class=\"menu-text\">\n<p>100% pinot noir | Mendoza, Argentina<\/p>\n<h4>&nbsp;<\/h4>\n<\/div>\n<\/li>\n<li>\n<h4>Luigi Bosca Malbec <span class=\"menu-price\">49.00\u20ac<\/span><\/h4>\n<div class=\"menu-text\">\n<p>100% Malbec | Mendoza, Argentina<\/p>\n<h4>&nbsp;<\/h4>\n<\/div>\n<\/li>\n<\/ul>\n<\/div>\n\t\t\t\t\t\t\t<\/div>\n\t\t<\/div>\n\t\t\t\t\t\t<\/div>\n\t\t\t\t<\/div>\n\t\t\t\t\t<\/div>\n\t\t<\/div>\n\t\t\t\t\t<\/div>\n\t\t<\/section>\n\t\t\t\t<\/div>\n\t\t","protected":false},"excerpt":{"rendered":"<p>carte Our wines WHITE WINES Ros\u00e9 wines Red wines WHITE WINES Se\u00f1or\u00edo de Hueda Blanco29.00\u20ac 100 % Sauvignon blanc | Rioja (DOCa) Spain Domaine du Bosquet Chardonnay 34.00\u20ac 100% Chardonnay | Pays d\u2019Oc (IGP) France Campo di Cristobal 35.00\u20ac Pinot gris | V\u00e9nitie &#8211; Italy La Linda Malbec41.00\u20ac Malbec | Argentina Domaine de la Renaudie Sauvignon41.00\u20ac 100% Sauvignon blanc |&#8230;<\/p>\n","protected":false},"author":1,"featured_media":31765,"parent":0,"menu_order":0,"comment_status":"closed","ping_status":"closed","template":"","meta":{"footnotes":""},"class_list":["post-31227","page","type-page","status-publish","has-post-thumbnail","hentry"],"acf":[],"_links":{"self":[{"href":"https:\/\/www.brasseriedumoulin.be\/index.php?rest_route=\/wp\/v2\/pages\/31227","targetHints":{"allow":["GET"]}}],"collection":[{"href":"https:\/\/www.brasseriedumoulin.be\/index.php?rest_route=\/wp\/v2\/pages"}],"about":[{"href":"https:\/\/www.brasseriedumoulin.be\/index.php?rest_route=\/wp\/v2\/types\/page"}],"author":[{"embeddable":true,"href":"https:\/\/www.brasseriedumoulin.be\/index.php?rest_route=\/wp\/v2\/users\/1"}],"replies":[{"embeddable":true,"href":"https:\/\/www.brasseriedumoulin.be\/index.php?rest_route=%2Fwp%2Fv2%2Fcomments&post=31227"}],"version-history":[{"count":18,"href":"https:\/\/www.brasseriedumoulin.be\/index.php?rest_route=\/wp\/v2\/pages\/31227\/revisions"}],"predecessor-version":[{"id":33123,"href":"https:\/\/www.brasseriedumoulin.be\/index.php?rest_route=\/wp\/v2\/pages\/31227\/revisions\/33123"}],"wp:featuredmedia":[{"embeddable":true,"href":"https:\/\/www.brasseriedumoulin.be\/index.php?rest_route=\/wp\/v2\/media\/31765"}],"wp:attachment":[{"href":"https:\/\/www.brasseriedumoulin.be\/index.php?rest_route=%2Fwp%2Fv2%2Fmedia&parent=31227"}],"curies":[{"name":"wp","href":"https:\/\/api.w.org\/{rel}","templated":true}]}}