{"id":30076,"date":"2023-02-03T07:44:14","date_gmt":"2023-02-03T07:44:14","guid":{"rendered":"https:\/\/caverta.matchthemes.com\/cafe\/?page_id=3581"},"modified":"2024-12-17T12:16:09","modified_gmt":"2024-12-17T11:16:09","slug":"about-2-2","status":"publish","type":"page","link":"https:\/\/www.brasseriedumoulin.be\/?page_id=30076","title":{"rendered":"Vos \u00e9v\u00e9nements"},"content":{"rendered":"\t\t<div data-elementor-type=\"wp-page\" data-elementor-id=\"30076\" class=\"elementor elementor-30076\" data-elementor-post-type=\"page\">\n\t\t\t\t\t\t<section class=\"elementor-section elementor-top-section elementor-element elementor-element-30618cb elementor-section-boxed elementor-section-height-default elementor-section-height-default\" data-id=\"30618cb\" data-element_type=\"section\" data-e-type=\"section\">\n\t\t\t\t\t\t<div class=\"elementor-container elementor-column-gap-default\">\n\t\t\t\t\t<div class=\"elementor-column elementor-col-50 elementor-top-column elementor-element elementor-element-3b9ca8e\" data-id=\"3b9ca8e\" data-element_type=\"column\" data-e-type=\"column\">\n\t\t\t<div class=\"elementor-widget-wrap elementor-element-populated\">\n\t\t\t\t\t\t<div class=\"elementor-element elementor-element-38afca1 elementor-widget elementor-widget-text-editor\" data-id=\"38afca1\" data-element_type=\"widget\" data-e-type=\"widget\" data-widget_type=\"text-editor.default\">\n\t\t\t\t<div class=\"elementor-widget-container\">\n\t\t\t\t\t\t\t\t\t<div class=\"smalltitle\">event<\/div>\t\t\t\t\t\t\t\t<\/div>\n\t\t\t\t<\/div>\n\t\t\t\t<div class=\"elementor-element elementor-element-8cc851e elementor-widget elementor-widget-heading\" data-id=\"8cc851e\" data-element_type=\"widget\" data-e-type=\"widget\" data-widget_type=\"heading.default\">\n\t\t\t\t<div class=\"elementor-widget-container\">\n\t\t\t\t\t<h2 class=\"elementor-heading-title elementor-size-default\">Vos \u00e9v\u00e9nements<\/h2>\t\t\t\t<\/div>\n\t\t\t\t<\/div>\n\t\t\t\t<div class=\"elementor-element elementor-element-6deb248 elementor-widget elementor-widget-text-editor\" data-id=\"6deb248\" data-element_type=\"widget\" data-e-type=\"widget\" data-widget_type=\"text-editor.default\">\n\t\t\t\t<div class=\"elementor-widget-container\">\n\t\t\t\t\t\t\t\t\t<h6>Nous organisons aussi des \u00e9v\u00e9nements priv\u00e9s ou professionnels<\/h6><h6>Gr\u00e2ce \u00e0 La Salle du Moulin qui est \u00e0 c\u00f4t\u00e9 du restaurant, nous avons \u00e9galement la possibilit\u00e9 d\u2019organiser tous types d&rsquo;\u00e9v\u00e9nements.\u00a0<\/h6><h6>N\u2019h\u00e9sitez pas \u00e0 nous contacter !\u00a0<\/h6>\t\t\t\t\t\t\t\t<\/div>\n\t\t\t\t<\/div>\n\t\t\t\t<div class=\"elementor-element elementor-element-099af61 el-btn elementor-widget elementor-widget-button\" data-id=\"099af61\" data-element_type=\"widget\" data-e-type=\"widget\" data-widget_type=\"button.default\">\n\t\t\t\t<div class=\"elementor-widget-container\">\n\t\t\t\t\t\t\t\t\t<div class=\"elementor-button-wrapper\">\n\t\t\t\t\t<a class=\"elementor-button elementor-button-link elementor-size-sm\" href=\"#\">\n\t\t\t\t\t\t<span class=\"elementor-button-content-wrapper\">\n\t\t\t\t\t\t\t\t\t<span class=\"elementor-button-text\">Nous contacter<\/span>\n\t\t\t\t\t<\/span>\n\t\t\t\t\t<\/a>\n\t\t\t\t<\/div>\n\t\t\t\t\t\t\t\t<\/div>\n\t\t\t\t<\/div>\n\t\t\t\t\t<\/div>\n\t\t<\/div>\n\t\t\t\t<div class=\"elementor-column elementor-col-50 elementor-top-column elementor-element elementor-element-23cf677\" data-id=\"23cf677\" data-element_type=\"column\" data-e-type=\"column\">\n\t\t\t<div class=\"elementor-widget-wrap elementor-element-populated\">\n\t\t\t\t\t\t<div class=\"elementor-element elementor-element-cbb08b6 elementor-widget elementor-widget-image\" data-id=\"cbb08b6\" data-element_type=\"widget\" data-e-type=\"widget\" data-widget_type=\"image.default\">\n\t\t\t\t<div class=\"elementor-widget-container\">\n\t\t\t\t\t\t\t\t\t\t\t\t\t\t\t<img fetchpriority=\"high\" decoding=\"async\" width=\"1375\" height=\"774\" src=\"https:\/\/www.brasseriedumoulin.be\/wp-content\/uploads\/2024\/12\/Brasserie-du-Moulin-HR-035.jpg\" class=\"attachment-full size-full wp-image-32205\" alt=\"\" srcset=\"https:\/\/www.brasseriedumoulin.be\/wp-content\/uploads\/2024\/12\/Brasserie-du-Moulin-HR-035.jpg 1375w, https:\/\/www.brasseriedumoulin.be\/wp-content\/uploads\/2024\/12\/Brasserie-du-Moulin-HR-035-300x169.jpg 300w, https:\/\/www.brasseriedumoulin.be\/wp-content\/uploads\/2024\/12\/Brasserie-du-Moulin-HR-035-1024x576.jpg 1024w, https:\/\/www.brasseriedumoulin.be\/wp-content\/uploads\/2024\/12\/Brasserie-du-Moulin-HR-035-768x432.jpg 768w, https:\/\/www.brasseriedumoulin.be\/wp-content\/uploads\/2024\/12\/Brasserie-du-Moulin-HR-035-800x450.jpg 800w\" sizes=\"(max-width: 1375px) 100vw, 1375px\" \/>\t\t\t\t\t\t\t\t\t\t\t\t\t\t\t<\/div>\n\t\t\t\t<\/div>\n\t\t\t\t\t<\/div>\n\t\t<\/div>\n\t\t\t\t\t<\/div>\n\t\t<\/section>\n\t\t\t\t<section class=\"elementor-section elementor-top-section elementor-element elementor-element-2019212 elementor-section-boxed elementor-section-height-default elementor-section-height-default\" data-id=\"2019212\" data-element_type=\"section\" data-e-type=\"section\">\n\t\t\t\t\t\t<div class=\"elementor-container elementor-column-gap-default\">\n\t\t\t\t\t<div class=\"elementor-column elementor-col-50 elementor-top-column elementor-element elementor-element-dca0f45 mobile-order2\" data-id=\"dca0f45\" data-element_type=\"column\" data-e-type=\"column\">\n\t\t\t<div class=\"elementor-widget-wrap elementor-element-populated\">\n\t\t\t\t\t\t<div class=\"elementor-element elementor-element-9ab4527 elementor-widget elementor-widget-image\" data-id=\"9ab4527\" data-element_type=\"widget\" data-e-type=\"widget\" data-widget_type=\"image.default\">\n\t\t\t\t<div class=\"elementor-widget-container\">\n\t\t\t\t\t\t\t\t\t\t\t\t\t\t\t<img decoding=\"async\" src=\"https:\/\/dev.brasserie.jorixi.be\/wp-content\/uploads\/2023\/01\/top-img-porto-1.jpg\" title=\"\" alt=\"\" loading=\"lazy\" \/>\t\t\t\t\t\t\t\t\t\t\t\t\t\t\t<\/div>\n\t\t\t\t<\/div>\n\t\t\t\t<div class=\"elementor-element elementor-element-d4c1de7 elementor-widget elementor-widget-image\" data-id=\"d4c1de7\" data-element_type=\"widget\" data-e-type=\"widget\" data-widget_type=\"image.default\">\n\t\t\t\t<div class=\"elementor-widget-container\">\n\t\t\t\t\t\t\t\t\t\t\t\t\t\t\t<img decoding=\"async\" width=\"1024\" height=\"271\" src=\"https:\/\/www.brasseriedumoulin.be\/wp-content\/uploads\/2024\/12\/Logo-Salle-du-Moulin-1024x271.jpg\" class=\"attachment-large size-large wp-image-32223\" alt=\"\" srcset=\"https:\/\/www.brasseriedumoulin.be\/wp-content\/uploads\/2024\/12\/Logo-Salle-du-Moulin-1024x271.jpg 1024w, https:\/\/www.brasseriedumoulin.be\/wp-content\/uploads\/2024\/12\/Logo-Salle-du-Moulin-300x79.jpg 300w, https:\/\/www.brasseriedumoulin.be\/wp-content\/uploads\/2024\/12\/Logo-Salle-du-Moulin-768x203.jpg 768w, https:\/\/www.brasseriedumoulin.be\/wp-content\/uploads\/2024\/12\/Logo-Salle-du-Moulin-800x212.jpg 800w, https:\/\/www.brasseriedumoulin.be\/wp-content\/uploads\/2024\/12\/Logo-Salle-du-Moulin.jpg 1500w\" sizes=\"(max-width: 1024px) 100vw, 1024px\" \/>\t\t\t\t\t\t\t\t\t\t\t\t\t\t\t<\/div>\n\t\t\t\t<\/div>\n\t\t\t\t\t<\/div>\n\t\t<\/div>\n\t\t\t\t<div class=\"elementor-column elementor-col-50 elementor-top-column elementor-element elementor-element-6afe7a2 mobile-order1\" data-id=\"6afe7a2\" data-element_type=\"column\" data-e-type=\"column\">\n\t\t\t<div class=\"elementor-widget-wrap elementor-element-populated\">\n\t\t\t\t\t\t<div class=\"elementor-element elementor-element-e392dbc elementor-widget elementor-widget-text-editor\" data-id=\"e392dbc\" data-element_type=\"widget\" data-e-type=\"widget\" data-widget_type=\"text-editor.default\">\n\t\t\t\t<div class=\"elementor-widget-container\">\n\t\t\t\t\t\t\t\t\t<div class=\"smalltitle\">La Salle du Moulin offre 200 m\u00b2 pour l\u2019organisation de vos \u00e9v\u00e9nements.<\/div>\t\t\t\t\t\t\t\t<\/div>\n\t\t\t\t<\/div>\n\t\t\t\t<div class=\"elementor-element elementor-element-7e4d1c8 elementor-widget elementor-widget-text-editor\" data-id=\"7e4d1c8\" data-element_type=\"widget\" data-e-type=\"widget\" data-widget_type=\"text-editor.default\">\n\t\t\t\t<div class=\"elementor-widget-container\">\n\t\t\t\t\t\t\t\t\t<p>La configuration en demi-cercle conf\u00e8re \u00e0 l\u2019endroit un charme et un attrait particulier. Largement vitr\u00e9e, la salle est lumineuse. Ce cadre unique est adapt\u00e9 \u00e0 l\u2019organisation d\u2019\u00e9v\u00e8nements tant professionnels (s\u00e9minaires, team buildings, conf\u00e9rences, r\u00e9unions, cocktails, pr\u00e9sentations de produits) que priv\u00e9s (r\u00e9unions de famille, anniversaires, \u2026).<\/p><p>De plus, la Salle du Moulin est agr\u00e9ment\u00e9e d\u2019une terrasse id\u00e9alement orient\u00e9e, avec vue sur une charmante pi\u00e8ce d\u2019eau. Espace id\u00e9al pour un cocktail ou un ap\u00e9ritif lors des beaux jours.<\/p><p>La salle est \u00e9quip\u00e9e d\u2019une arri\u00e8re-cuisine, d\u2019un grand bar. L\u2019acc\u00e8s, l\u2019entr\u00e9e et les sanitaires sont s\u00e9par\u00e9s du complexe h\u00f4telier et du restaurant. Le mobilier est fourni.<\/p><p>La restauration peut \u00eatre assur\u00e9e par La Brasserie du Moulin ou vous pouvez faire appel \u00e0 vos propres prestataires.<\/p>\t\t\t\t\t\t\t\t<\/div>\n\t\t\t\t<\/div>\n\t\t\t\t<div class=\"elementor-element elementor-element-3f5635c el-btn elementor-widget elementor-widget-button\" data-id=\"3f5635c\" data-element_type=\"widget\" data-e-type=\"widget\" data-widget_type=\"button.default\">\n\t\t\t\t<div class=\"elementor-widget-container\">\n\t\t\t\t\t\t\t\t\t<div class=\"elementor-button-wrapper\">\n\t\t\t\t\t<a class=\"elementor-button elementor-button-link elementor-size-sm\" href=\"#\">\n\t\t\t\t\t\t<span class=\"elementor-button-content-wrapper\">\n\t\t\t\t\t\t\t\t\t<span class=\"elementor-button-text\">Nous contacter<\/span>\n\t\t\t\t\t<\/span>\n\t\t\t\t\t<\/a>\n\t\t\t\t<\/div>\n\t\t\t\t\t\t\t\t<\/div>\n\t\t\t\t<\/div>\n\t\t\t\t\t<\/div>\n\t\t<\/div>\n\t\t\t\t\t<\/div>\n\t\t<\/section>\n\t\t\t\t<section class=\"elementor-section elementor-top-section elementor-element elementor-element-7ec7a4b2 elementor-section-content-middle elementor-section-stretched elementor-section-boxed elementor-section-height-default elementor-section-height-default\" data-id=\"7ec7a4b2\" data-element_type=\"section\" data-e-type=\"section\" data-settings=\"{&quot;stretch_section&quot;:&quot;section-stretched&quot;}\">\n\t\t\t\t\t\t\t<div class=\"elementor-background-overlay\"><\/div>\n\t\t\t\t\t\t\t<div class=\"elementor-container elementor-column-gap-default\">\n\t\t\t\t\t<div class=\"elementor-column elementor-col-100 elementor-top-column elementor-element elementor-element-324a0df8\" data-id=\"324a0df8\" data-element_type=\"column\" data-e-type=\"column\">\n\t\t\t<div class=\"elementor-widget-wrap\">\n\t\t\t\t\t\t\t<\/div>\n\t\t<\/div>\n\t\t\t\t\t<\/div>\n\t\t<\/section>\n\t\t<div class=\"elementor-element elementor-element-e072b3f e-grid e-con-boxed e-con e-parent\" data-id=\"e072b3f\" data-element_type=\"container\" data-e-type=\"container\">\n\t\t\t\t\t<div class=\"e-con-inner\">\n\t\t\t\t<div class=\"elementor-element elementor-element-7fa9f5e elementor-widget elementor-widget-image\" data-id=\"7fa9f5e\" data-element_type=\"widget\" data-e-type=\"widget\" data-widget_type=\"image.default\">\n\t\t\t\t<div class=\"elementor-widget-container\">\n\t\t\t\t\t\t\t\t\t\t\t\t\t\t\t<img decoding=\"async\" width=\"1024\" height=\"768\" src=\"https:\/\/www.brasseriedumoulin.be\/wp-content\/uploads\/2024\/12\/Salle-du-Moulin-Jardins-de-la-Molignee-Table3-1024x768.jpeg\" class=\"attachment-large size-large wp-image-32229\" alt=\"\" srcset=\"https:\/\/www.brasseriedumoulin.be\/wp-content\/uploads\/2024\/12\/Salle-du-Moulin-Jardins-de-la-Molignee-Table3-1024x768.jpeg 1024w, https:\/\/www.brasseriedumoulin.be\/wp-content\/uploads\/2024\/12\/Salle-du-Moulin-Jardins-de-la-Molignee-Table3-300x225.jpeg 300w, https:\/\/www.brasseriedumoulin.be\/wp-content\/uploads\/2024\/12\/Salle-du-Moulin-Jardins-de-la-Molignee-Table3-768x576.jpeg 768w, https:\/\/www.brasseriedumoulin.be\/wp-content\/uploads\/2024\/12\/Salle-du-Moulin-Jardins-de-la-Molignee-Table3-1536x1152.jpeg 1536w, https:\/\/www.brasseriedumoulin.be\/wp-content\/uploads\/2024\/12\/Salle-du-Moulin-Jardins-de-la-Molignee-Table3-800x600.jpeg 800w, https:\/\/www.brasseriedumoulin.be\/wp-content\/uploads\/2024\/12\/Salle-du-Moulin-Jardins-de-la-Molignee-Table3.jpeg 2048w\" sizes=\"(max-width: 1024px) 100vw, 1024px\" \/>\t\t\t\t\t\t\t\t\t\t\t\t\t\t\t<\/div>\n\t\t\t\t<\/div>\n\t\t\t\t<div class=\"elementor-element elementor-element-3763cbc elementor-widget elementor-widget-image\" data-id=\"3763cbc\" data-element_type=\"widget\" data-e-type=\"widget\" data-widget_type=\"image.default\">\n\t\t\t\t<div class=\"elementor-widget-container\">\n\t\t\t\t\t\t\t\t\t\t\t\t\t\t\t<img loading=\"lazy\" decoding=\"async\" width=\"1024\" height=\"768\" src=\"https:\/\/www.brasseriedumoulin.be\/wp-content\/uploads\/2024\/12\/Salle-du-Moulin-Jardins-de-la-Molignee-Table2-1024x768.jpeg\" class=\"attachment-large size-large wp-image-32232\" alt=\"\" srcset=\"https:\/\/www.brasseriedumoulin.be\/wp-content\/uploads\/2024\/12\/Salle-du-Moulin-Jardins-de-la-Molignee-Table2-1024x768.jpeg 1024w, https:\/\/www.brasseriedumoulin.be\/wp-content\/uploads\/2024\/12\/Salle-du-Moulin-Jardins-de-la-Molignee-Table2-300x225.jpeg 300w, https:\/\/www.brasseriedumoulin.be\/wp-content\/uploads\/2024\/12\/Salle-du-Moulin-Jardins-de-la-Molignee-Table2-768x576.jpeg 768w, https:\/\/www.brasseriedumoulin.be\/wp-content\/uploads\/2024\/12\/Salle-du-Moulin-Jardins-de-la-Molignee-Table2-1536x1152.jpeg 1536w, https:\/\/www.brasseriedumoulin.be\/wp-content\/uploads\/2024\/12\/Salle-du-Moulin-Jardins-de-la-Molignee-Table2-800x600.jpeg 800w, https:\/\/www.brasseriedumoulin.be\/wp-content\/uploads\/2024\/12\/Salle-du-Moulin-Jardins-de-la-Molignee-Table2.jpeg 2048w\" sizes=\"(max-width: 1024px) 100vw, 1024px\" \/>\t\t\t\t\t\t\t\t\t\t\t\t\t\t\t<\/div>\n\t\t\t\t<\/div>\n\t\t\t\t<div class=\"elementor-element elementor-element-1ef0b10 elementor-widget elementor-widget-image\" data-id=\"1ef0b10\" data-element_type=\"widget\" data-e-type=\"widget\" data-widget_type=\"image.default\">\n\t\t\t\t<div class=\"elementor-widget-container\">\n\t\t\t\t\t\t\t\t\t\t\t\t\t\t\t<img loading=\"lazy\" decoding=\"async\" width=\"1024\" height=\"768\" src=\"https:\/\/www.brasseriedumoulin.be\/wp-content\/uploads\/2024\/12\/Salle-du-Moulin-Jardins-de-la-Molignee1-1024x768.jpeg\" class=\"attachment-large size-large wp-image-32226\" alt=\"\" srcset=\"https:\/\/www.brasseriedumoulin.be\/wp-content\/uploads\/2024\/12\/Salle-du-Moulin-Jardins-de-la-Molignee1-1024x768.jpeg 1024w, https:\/\/www.brasseriedumoulin.be\/wp-content\/uploads\/2024\/12\/Salle-du-Moulin-Jardins-de-la-Molignee1-300x225.jpeg 300w, https:\/\/www.brasseriedumoulin.be\/wp-content\/uploads\/2024\/12\/Salle-du-Moulin-Jardins-de-la-Molignee1-768x576.jpeg 768w, https:\/\/www.brasseriedumoulin.be\/wp-content\/uploads\/2024\/12\/Salle-du-Moulin-Jardins-de-la-Molignee1-1536x1152.jpeg 1536w, https:\/\/www.brasseriedumoulin.be\/wp-content\/uploads\/2024\/12\/Salle-du-Moulin-Jardins-de-la-Molignee1-800x600.jpeg 800w, https:\/\/www.brasseriedumoulin.be\/wp-content\/uploads\/2024\/12\/Salle-du-Moulin-Jardins-de-la-Molignee1.jpeg 2048w\" sizes=\"(max-width: 1024px) 100vw, 1024px\" \/>\t\t\t\t\t\t\t\t\t\t\t\t\t\t\t<\/div>\n\t\t\t\t<\/div>\n\t\t\t\t<div class=\"elementor-element elementor-element-c59feef elementor-widget elementor-widget-image\" data-id=\"c59feef\" data-element_type=\"widget\" data-e-type=\"widget\" data-widget_type=\"image.default\">\n\t\t\t\t<div class=\"elementor-widget-container\">\n\t\t\t\t\t\t\t\t\t\t\t\t\t\t\t<img loading=\"lazy\" decoding=\"async\" width=\"1024\" height=\"683\" src=\"https:\/\/www.brasseriedumoulin.be\/wp-content\/uploads\/2024\/12\/Brasserie-du-Moulin-HR-081-1024x683.jpg\" class=\"attachment-large size-large wp-image-32235\" alt=\"\" srcset=\"https:\/\/www.brasseriedumoulin.be\/wp-content\/uploads\/2024\/12\/Brasserie-du-Moulin-HR-081-1024x683.jpg 1024w, https:\/\/www.brasseriedumoulin.be\/wp-content\/uploads\/2024\/12\/Brasserie-du-Moulin-HR-081-300x200.jpg 300w, https:\/\/www.brasseriedumoulin.be\/wp-content\/uploads\/2024\/12\/Brasserie-du-Moulin-HR-081-768x512.jpg 768w, https:\/\/www.brasseriedumoulin.be\/wp-content\/uploads\/2024\/12\/Brasserie-du-Moulin-HR-081-800x534.jpg 800w, https:\/\/www.brasseriedumoulin.be\/wp-content\/uploads\/2024\/12\/Brasserie-du-Moulin-HR-081.jpg 1375w\" sizes=\"(max-width: 1024px) 100vw, 1024px\" \/>\t\t\t\t\t\t\t\t\t\t\t\t\t\t\t<\/div>\n\t\t\t\t<\/div>\n\t\t\t\t<div class=\"elementor-element elementor-element-12800bc elementor-widget elementor-widget-image\" data-id=\"12800bc\" data-element_type=\"widget\" data-e-type=\"widget\" data-widget_type=\"image.default\">\n\t\t\t\t<div class=\"elementor-widget-container\">\n\t\t\t\t\t\t\t\t\t\t\t\t\t\t\t<img loading=\"lazy\" decoding=\"async\" width=\"1024\" height=\"683\" src=\"https:\/\/www.brasseriedumoulin.be\/wp-content\/uploads\/2024\/12\/Brasserie-du-Moulin-HR-079-1024x683.jpg\" class=\"attachment-large size-large wp-image-32238\" alt=\"\" srcset=\"https:\/\/www.brasseriedumoulin.be\/wp-content\/uploads\/2024\/12\/Brasserie-du-Moulin-HR-079-1024x683.jpg 1024w, https:\/\/www.brasseriedumoulin.be\/wp-content\/uploads\/2024\/12\/Brasserie-du-Moulin-HR-079-300x200.jpg 300w, https:\/\/www.brasseriedumoulin.be\/wp-content\/uploads\/2024\/12\/Brasserie-du-Moulin-HR-079-768x512.jpg 768w, https:\/\/www.brasseriedumoulin.be\/wp-content\/uploads\/2024\/12\/Brasserie-du-Moulin-HR-079-800x534.jpg 800w, https:\/\/www.brasseriedumoulin.be\/wp-content\/uploads\/2024\/12\/Brasserie-du-Moulin-HR-079.jpg 1375w\" sizes=\"(max-width: 1024px) 100vw, 1024px\" \/>\t\t\t\t\t\t\t\t\t\t\t\t\t\t\t<\/div>\n\t\t\t\t<\/div>\n\t\t\t\t<div class=\"elementor-element elementor-element-19d8f6c elementor-widget elementor-widget-image\" data-id=\"19d8f6c\" data-element_type=\"widget\" data-e-type=\"widget\" data-widget_type=\"image.default\">\n\t\t\t\t<div class=\"elementor-widget-container\">\n\t\t\t\t\t\t\t\t\t\t\t\t\t\t\t<img loading=\"lazy\" decoding=\"async\" width=\"1024\" height=\"683\" src=\"https:\/\/www.brasseriedumoulin.be\/wp-content\/uploads\/2024\/12\/Brasserie-du-Moulin-HR-062-1024x683.jpg\" class=\"attachment-large size-large wp-image-32241\" alt=\"\" srcset=\"https:\/\/www.brasseriedumoulin.be\/wp-content\/uploads\/2024\/12\/Brasserie-du-Moulin-HR-062-1024x683.jpg 1024w, https:\/\/www.brasseriedumoulin.be\/wp-content\/uploads\/2024\/12\/Brasserie-du-Moulin-HR-062-300x200.jpg 300w, https:\/\/www.brasseriedumoulin.be\/wp-content\/uploads\/2024\/12\/Brasserie-du-Moulin-HR-062-768x512.jpg 768w, https:\/\/www.brasseriedumoulin.be\/wp-content\/uploads\/2024\/12\/Brasserie-du-Moulin-HR-062-800x534.jpg 800w, https:\/\/www.brasseriedumoulin.be\/wp-content\/uploads\/2024\/12\/Brasserie-du-Moulin-HR-062.jpg 1375w\" sizes=\"(max-width: 1024px) 100vw, 1024px\" \/>\t\t\t\t\t\t\t\t\t\t\t\t\t\t\t<\/div>\n\t\t\t\t<\/div>\n\t\t\t\t\t<\/div>\n\t\t\t\t<\/div>\n\t\t\t\t<\/div>\n\t\t","protected":false},"excerpt":{"rendered":"<p>event Vos \u00e9v\u00e9nements Nous organisons aussi des \u00e9v\u00e9nements priv\u00e9s ou professionnels Gr\u00e2ce \u00e0 La Salle du Moulin qui est \u00e0 c\u00f4t\u00e9 du restaurant, nous avons \u00e9galement la possibilit\u00e9 d\u2019organiser tous types d&rsquo;\u00e9v\u00e9nements.\u00a0 N\u2019h\u00e9sitez pas \u00e0 nous contacter !\u00a0 Nous contacter La Salle du Moulin offre 200 m\u00b2 pour l\u2019organisation de vos \u00e9v\u00e9nements. La configuration en demi-cercle conf\u00e8re \u00e0 l\u2019endroit un&#8230;<\/p>\n","protected":false},"author":2,"featured_media":31707,"parent":0,"menu_order":0,"comment_status":"closed","ping_status":"closed","template":"","meta":{"footnotes":""},"class_list":["post-30076","page","type-page","status-publish","has-post-thumbnail","hentry"],"acf":[],"_links":{"self":[{"href":"https:\/\/www.brasseriedumoulin.be\/index.php?rest_route=\/wp\/v2\/pages\/30076","targetHints":{"allow":["GET"]}}],"collection":[{"href":"https:\/\/www.brasseriedumoulin.be\/index.php?rest_route=\/wp\/v2\/pages"}],"about":[{"href":"https:\/\/www.brasseriedumoulin.be\/index.php?rest_route=\/wp\/v2\/types\/page"}],"author":[{"embeddable":true,"href":"https:\/\/www.brasseriedumoulin.be\/index.php?rest_route=\/wp\/v2\/users\/2"}],"replies":[{"embeddable":true,"href":"https:\/\/www.brasseriedumoulin.be\/index.php?rest_route=%2Fwp%2Fv2%2Fcomments&post=30076"}],"version-history":[{"count":13,"href":"https:\/\/www.brasseriedumoulin.be\/index.php?rest_route=\/wp\/v2\/pages\/30076\/revisions"}],"predecessor-version":[{"id":32334,"href":"https:\/\/www.brasseriedumoulin.be\/index.php?rest_route=\/wp\/v2\/pages\/30076\/revisions\/32334"}],"wp:featuredmedia":[{"embeddable":true,"href":"https:\/\/www.brasseriedumoulin.be\/index.php?rest_route=\/wp\/v2\/media\/31707"}],"wp:attachment":[{"href":"https:\/\/www.brasseriedumoulin.be\/index.php?rest_route=%2Fwp%2Fv2%2Fmedia&parent=30076"}],"curies":[{"name":"wp","href":"https:\/\/api.w.org\/{rel}","templated":true}]}}